{"id":12861,"date":"2015-05-31T21:32:30","date_gmt":"2015-05-31T21:32:30","guid":{"rendered":"http:\/\/www.independentpeople.net\/notre-equipement\/"},"modified":"2015-05-31T21:32:30","modified_gmt":"2015-05-31T21:32:30","slug":"notre-equipement","status":"publish","type":"page","link":"https:\/\/www.independentpeople.net\/fr\/notre-equipement\/","title":{"rendered":"Notre \u00e9quipement"},"content":{"rendered":"<h4 style=\"text-align: justify;\">L\u2019\u00e9quipement du v\u00e9lo<\/h4>\n<ul style=\"text-align: justify;\">\n<li><span style=\"text-decoration: underline;\">Tandem Lapierre Touring 2014<br \/>\n<\/span>Une vraie machine-locomotive. Le tandem diff\u00e8re des v\u00e9los normaux \u2013 il est tr\u00e8s confortable.<a href=\"https:\/\/i0.wp.com\/www.independentpeople.net\/wp-content\/uploads\/2015\/05\/tandem-touring-2014.jpg\"><img data-recalc-dims=\"1\" decoding=\"async\" loading=\"lazy\" class=\"aligncenter size-full wp-image-261\" src=\"https:\/\/i0.wp.com\/www.independentpeople.net\/wp-content\/uploads\/2015\/05\/tandem-touring-2014.jpg?resize=1000%2C625\" alt=\"tandem-touring-2014\" width=\"1000\" height=\"625\" srcset=\"https:\/\/i0.wp.com\/www.independentpeople.net\/wp-content\/uploads\/2015\/05\/tandem-touring-2014.jpg?resize=300%2C188&amp;ssl=1 300w, https:\/\/i0.wp.com\/www.independentpeople.net\/wp-content\/uploads\/2015\/05\/tandem-touring-2014.jpg?fit=1000%2C625&amp;ssl=1 1000w\" sizes=\"auto, (max-width: 1000px) 100vw, 1000px\" \/><\/a><\/li>\n<\/ul>\n<p style=\"text-align: justify;\"><em>Les avantages<\/em> : la vitesse moyenne peut atteindre 21 km\/heure sur la distance de 100 km en p\u00e9dalant sur la surface relativement plate et en \u00e9tant charg\u00e9s. Le meilleur rapport qualit\u00e9\/prix. Qualit\u00e9 excellente de chaque composant. La dynamo int\u00e9gr\u00e9e dans la roue avant. Ultra-l\u00e9ger et surtout \u2013 MADE IN FRANCE.<\/p>\n<p style=\"text-align: justify;\"><em>Les d\u00e9savantages<\/em> : on les cherche encore ;)<\/p>\n<ul style=\"text-align: justify;\">\n<li><span style=\"text-decoration: underline;\">Les sacoches \u00e9tanches de chez Ortlieb<\/span><\/li>\n<\/ul>\n<p style=\"text-align: justify;\">2 petits sacs (25L) pour la roue avant, et 2 grands (40L) pour la roue arri\u00e8re. Il fallait passer du temps pour trouver une fixation ad\u00e9quate \u00e0 l\u2019avant (au final une fixation de chez Tubus).<img data-recalc-dims=\"1\" decoding=\"async\" loading=\"lazy\" class=\"aligncenter size-full wp-image-255\" src=\"https:\/\/i0.wp.com\/www.independentpeople.net\/wp-content\/uploads\/2015\/05\/images-1.jpg?resize=264%2C191\" alt=\"images (1)\" width=\"264\" height=\"191\" \/><\/p>\n<p style=\"text-align: justify;\">Le sacoche pour le guidon.<a href=\"https:\/\/i0.wp.com\/www.independentpeople.net\/wp-content\/uploads\/2015\/05\/images.jpg\"><img data-recalc-dims=\"1\" decoding=\"async\" loading=\"lazy\" class=\"aligncenter size-full wp-image-256\" src=\"https:\/\/i0.wp.com\/www.independentpeople.net\/wp-content\/uploads\/2015\/05\/images.jpg?resize=270%2C187\" alt=\"images\" width=\"270\" height=\"187\" \/><\/a><\/p>\n<ul style=\"text-align: justify;\">\n<li><span style=\"text-decoration: underline;\">2 selles gel ergonomiques de chez SMP.<a href=\"https:\/\/i0.wp.com\/www.independentpeople.net\/wp-content\/uploads\/2015\/05\/Selle-SMP-TRK-Gel-Womens-Cycling-Saddle-White.jpg\"><img data-recalc-dims=\"1\" decoding=\"async\" loading=\"lazy\" class=\"aligncenter size-full wp-image-259\" src=\"https:\/\/i0.wp.com\/www.independentpeople.net\/wp-content\/uploads\/2015\/05\/Selle-SMP-TRK-Gel-Womens-Cycling-Saddle-White.jpg?resize=400%2C268\" alt=\"Selle-SMP-TRK-Gel-Womens-Cycling-Saddle-White\" width=\"400\" height=\"268\" srcset=\"https:\/\/i0.wp.com\/www.independentpeople.net\/wp-content\/uploads\/2015\/05\/Selle-SMP-TRK-Gel-Womens-Cycling-Saddle-White.jpg?resize=300%2C201&amp;ssl=1 300w, https:\/\/i0.wp.com\/www.independentpeople.net\/wp-content\/uploads\/2015\/05\/Selle-SMP-TRK-Gel-Womens-Cycling-Saddle-White.jpg?fit=400%2C268&amp;ssl=1 400w\" sizes=\"auto, (max-width: 400px) 100vw, 400px\" \/><\/a><\/span><\/li>\n<li><span style=\"text-decoration: underline;\">2 guidons \u00ab papillons \u00bb de chez Humpert<\/span><\/li>\n<\/ul>\n<p style=\"text-align: justify;\"><a href=\"https:\/\/i0.wp.com\/www.independentpeople.net\/wp-content\/uploads\/2015\/05\/10064.jpg\"><img data-recalc-dims=\"1\" decoding=\"async\" loading=\"lazy\" class=\"aligncenter  wp-image-251\" src=\"https:\/\/i0.wp.com\/www.independentpeople.net\/wp-content\/uploads\/2015\/05\/10064.jpg?resize=348%2C348\" alt=\"10064\" width=\"348\" height=\"348\" srcset=\"https:\/\/i0.wp.com\/www.independentpeople.net\/wp-content\/uploads\/2015\/05\/10064.jpg?resize=75%2C75&amp;ssl=1 75w, https:\/\/i0.wp.com\/www.independentpeople.net\/wp-content\/uploads\/2015\/05\/10064.jpg?resize=150%2C150&amp;ssl=1 150w, https:\/\/i0.wp.com\/www.independentpeople.net\/wp-content\/uploads\/2015\/05\/10064.jpg?resize=300%2C300&amp;ssl=1 300w, https:\/\/i0.wp.com\/www.independentpeople.net\/wp-content\/uploads\/2015\/05\/10064.jpg?fit=600%2C600&amp;ssl=1 600w\" sizes=\"auto, (max-width: 348px) 100vw, 348px\" \/><\/a><\/p>\n<ul style=\"text-align: justify;\">\n<li><span style=\"text-decoration: underline;\">Compteurs\u00a0CatEye Enduro, Sigma 1200<br \/>\n<\/span>Deux compteurs excellents, dommage qu\u2019aucun ne montre l\u2019altitude, mais parmi les fonctions int\u00e9ressantes le CatEye montre les calories br\u00fbl\u00e9es et les \u00e9missions de CO2 \u00e9vit\u00e9es, tandis que le Sigma montre la temp\u00e9rature.<a href=\"https:\/\/i0.wp.com\/www.independentpeople.net\/wp-content\/uploads\/2015\/05\/Collage1.jpg\"><img data-recalc-dims=\"1\" decoding=\"async\" loading=\"lazy\" class=\"aligncenter size-large wp-image-263\" src=\"https:\/\/i0.wp.com\/www.independentpeople.net\/wp-content\/uploads\/2015\/05\/Collage1.jpg?resize=660%2C365\" alt=\"Collage1\" width=\"660\" height=\"365\" srcset=\"https:\/\/i0.wp.com\/www.independentpeople.net\/wp-content\/uploads\/2015\/05\/Collage1.jpg?resize=300%2C166&amp;ssl=1 300w, https:\/\/i0.wp.com\/www.independentpeople.net\/wp-content\/uploads\/2015\/05\/Collage1.jpg?resize=1024%2C566&amp;ssl=1 1024w, https:\/\/i0.wp.com\/www.independentpeople.net\/wp-content\/uploads\/2015\/05\/Collage1.jpg?fit=2400%2C1327&amp;ssl=1 2400w\" sizes=\"auto, (max-width: 660px) 100vw, 660px\" \/><\/a><\/li>\n<\/ul>\n<h4 style=\"text-align: justify;\">L\u2019\u00e9quipement de camping<\/h4>\n<ul style=\"text-align: justify;\">\n<li><span style=\"text-decoration: underline;\">La tente ultra-l\u00e9g\u00e8re 2Linera du producteur Ukrainien Terra Incognita<br \/>\n<\/span>En effet tr\u00e8s l\u00e9g\u00e8re, elle peut para\u00eetre un peu \u00e9troit pour ceux qui aiment l\u2019espace, mais pour nous elle est id\u00e9ale.<a href=\"https:\/\/i0.wp.com\/www.independentpeople.net\/wp-content\/uploads\/2015\/05\/ligera_2.jpg\"><img data-recalc-dims=\"1\" decoding=\"async\" loading=\"lazy\" class=\"aligncenter size-full wp-image-257\" src=\"https:\/\/i0.wp.com\/www.independentpeople.net\/wp-content\/uploads\/2015\/05\/ligera_2.jpg?resize=750%2C460\" alt=\"ligera_2\" width=\"750\" height=\"460\" srcset=\"https:\/\/i0.wp.com\/www.independentpeople.net\/wp-content\/uploads\/2015\/05\/ligera_2.jpg?resize=300%2C184&amp;ssl=1 300w, https:\/\/i0.wp.com\/www.independentpeople.net\/wp-content\/uploads\/2015\/05\/ligera_2.jpg?fit=750%2C460&amp;ssl=1 750w\" sizes=\"auto, (max-width: 750px) 100vw, 750px\" \/><\/a><\/li>\n<\/ul>\n<ul>\n<li style=\"text-align: justify;\"><span style=\"text-decoration: underline;\">2 sacs de couchage Quechua qui se connectent +15 \u00b0C<a href=\"https:\/\/i0.wp.com\/www.independentpeople.net\/wp-content\/uploads\/2015\/05\/zoom_743ba5d7f4e54ce686630667c368795a.jpg\"><img data-recalc-dims=\"1\" decoding=\"async\" loading=\"lazy\" class=\"aligncenter size-full wp-image-262\" src=\"https:\/\/i0.wp.com\/www.independentpeople.net\/wp-content\/uploads\/2015\/05\/zoom_743ba5d7f4e54ce686630667c368795a.jpg?resize=400%2C400\" alt=\"zoom_743ba5d7f4e54ce686630667c368795a\" width=\"400\" height=\"400\" srcset=\"https:\/\/i0.wp.com\/www.independentpeople.net\/wp-content\/uploads\/2015\/05\/zoom_743ba5d7f4e54ce686630667c368795a.jpg?resize=75%2C75&amp;ssl=1 75w, https:\/\/i0.wp.com\/www.independentpeople.net\/wp-content\/uploads\/2015\/05\/zoom_743ba5d7f4e54ce686630667c368795a.jpg?resize=150%2C150&amp;ssl=1 150w, https:\/\/i0.wp.com\/www.independentpeople.net\/wp-content\/uploads\/2015\/05\/zoom_743ba5d7f4e54ce686630667c368795a.jpg?resize=300%2C300&amp;ssl=1 300w, https:\/\/i0.wp.com\/www.independentpeople.net\/wp-content\/uploads\/2015\/05\/zoom_743ba5d7f4e54ce686630667c368795a.jpg?fit=400%2C400&amp;ssl=1 400w\" sizes=\"auto, (max-width: 400px) 100vw, 400px\" \/><\/a><\/span><\/li>\n<li style=\"text-align: justify;\"><span style=\"text-decoration: underline;\">2 sacs de couchage Marmot qui se connectent 0\u00b0 -30\u00b0C<a href=\"https:\/\/i0.wp.com\/www.independentpeople.net\/wp-content\/uploads\/2015\/05\/marmot-angel-fire-lz-w-daunenschlafsack-gruen-935-medium-0.jpg\"><img data-recalc-dims=\"1\" decoding=\"async\" loading=\"lazy\" class=\"aligncenter size-full wp-image-258\" src=\"https:\/\/i0.wp.com\/www.independentpeople.net\/wp-content\/uploads\/2015\/05\/marmot-angel-fire-lz-w-daunenschlafsack-gruen-935-medium-0.jpg?resize=498%2C300\" alt=\"marmot-angel-fire-lz-w-daunenschlafsack-gruen-935-medium-0\" width=\"498\" height=\"300\" srcset=\"https:\/\/i0.wp.com\/www.independentpeople.net\/wp-content\/uploads\/2015\/05\/marmot-angel-fire-lz-w-daunenschlafsack-gruen-935-medium-0.jpg?resize=300%2C181&amp;ssl=1 300w, https:\/\/i0.wp.com\/www.independentpeople.net\/wp-content\/uploads\/2015\/05\/marmot-angel-fire-lz-w-daunenschlafsack-gruen-935-medium-0.jpg?fit=498%2C300&amp;ssl=1 498w\" sizes=\"auto, (max-width: 498px) 100vw, 498px\" \/><\/a><\/span><\/li>\n<li style=\"text-align: justify;\"><span style=\"text-decoration: underline;\">2 tapis de sol isolants \u2013 indispensable pour ne pas attraper une pneumonie<a href=\"https:\/\/i0.wp.com\/www.independentpeople.net\/wp-content\/uploads\/2015\/05\/41IGvttZE-L._SX300_.jpg\"><img data-recalc-dims=\"1\" decoding=\"async\" loading=\"lazy\" class=\"aligncenter size-full wp-image-250\" src=\"https:\/\/i0.wp.com\/www.independentpeople.net\/wp-content\/uploads\/2015\/05\/41IGvttZE-L._SX300_.jpg?resize=300%2C209\" alt=\"41IGvttZE-L._SX300_\" width=\"300\" height=\"209\" \/><\/a><\/span><\/li>\n<li style=\"text-align: justify;\"><span style=\"text-decoration: underline;\">R\u00e9chaud de Camping Primus<a href=\"https:\/\/i0.wp.com\/www.independentpeople.net\/wp-content\/uploads\/2015\/05\/324412-power-cook.jpg\"><img data-recalc-dims=\"1\" decoding=\"async\" loading=\"lazy\" class=\"aligncenter wp-image-252 size-medium\" src=\"https:\/\/i0.wp.com\/www.independentpeople.net\/wp-content\/uploads\/2015\/05\/324412-power-cook.jpg?resize=204%2C300\" alt=\"324412-power-cook\" width=\"204\" height=\"300\" srcset=\"https:\/\/i0.wp.com\/www.independentpeople.net\/wp-content\/uploads\/2015\/05\/324412-power-cook.jpg?resize=204%2C300&amp;ssl=1 204w, https:\/\/i0.wp.com\/www.independentpeople.net\/wp-content\/uploads\/2015\/05\/324412-power-cook.jpg?fit=444%2C653&amp;ssl=1 444w\" sizes=\"auto, (max-width: 204px) 100vw, 204px\" \/><\/a><\/span><\/li>\n<li style=\"text-align: justify;\"><span style=\"text-decoration: underline;\">Une bouilloire trop mignonne du producteur su\u00e9dois Trangia, Spork de Light my Fire, aussi su\u00e9dois et une touche de tradition \u2013 Opinel !<a href=\"https:\/\/i0.wp.com\/www.independentpeople.net\/wp-content\/uploads\/2015\/05\/Collage.jpg\"><img data-recalc-dims=\"1\" decoding=\"async\" loading=\"lazy\" class=\"size-large wp-image-253\" src=\"https:\/\/i0.wp.com\/www.independentpeople.net\/wp-content\/uploads\/2015\/05\/Collage.jpg?resize=660%2C232\" alt=\"Collage\" width=\"660\" height=\"232\" srcset=\"https:\/\/i0.wp.com\/www.independentpeople.net\/wp-content\/uploads\/2015\/05\/Collage.jpg?resize=300%2C105&amp;ssl=1 300w, https:\/\/i0.wp.com\/www.independentpeople.net\/wp-content\/uploads\/2015\/05\/Collage.jpg?resize=1024%2C360&amp;ssl=1 1024w, https:\/\/i0.wp.com\/www.independentpeople.net\/wp-content\/uploads\/2015\/05\/Collage.jpg?fit=2400%2C843&amp;ssl=1 2400w\" sizes=\"auto, (max-width: 660px) 100vw, 660px\" \/><\/a><\/span><\/li>\n<\/ul>\n<p><a href=\"\/\/www.pinterest.com\/pin\/create\/button\/\" data-pin-do=\"buttonBookmark\" data-pin-color=\"red\" data-pin-height=\"128\"><img data-recalc-dims=\"1\" decoding=\"async\" loading=\"lazy\" src=\"https:\/\/i0.wp.com\/assets.pinterest.com\/images\/pidgets\/pinit_fg_en_rect_red_28.png?w=1500\" \/><\/a><\/p>","protected":false},"excerpt":{"rendered":"<p> [&hellip;]<\/p>\n","protected":false},"author":1,"featured_media":0,"parent":0,"menu_order":2,"comment_status":"open","ping_status":"closed","template":"","meta":{"nf_dc_page":"","footnotes":""},"class_list":["post-12861","page","type-page","status-publish","hentry"],"aioseo_notices":[],"jetpack_sharing_enabled":true,"jetpack_shortlink":"https:\/\/wp.me\/P78Bh7-3lr","_links":{"self":[{"href":"https:\/\/www.independentpeople.net\/fr\/wp-json\/wp\/v2\/pages\/12861","targetHints":{"allow":["GET"]}}],"collection":[{"href":"https:\/\/www.independentpeople.net\/fr\/wp-json\/wp\/v2\/pages"}],"about":[{"href":"https:\/\/www.independentpeople.net\/fr\/wp-json\/wp\/v2\/types\/page"}],"author":[{"embeddable":true,"href":"https:\/\/www.independentpeople.net\/fr\/wp-json\/wp\/v2\/users\/1"}],"replies":[{"embeddable":true,"href":"https:\/\/www.independentpeople.net\/fr\/wp-json\/wp\/v2\/comments?post=12861"}],"version-history":[{"count":0,"href":"https:\/\/www.independentpeople.net\/fr\/wp-json\/wp\/v2\/pages\/12861\/revisions"}],"wp:attachment":[{"href":"https:\/\/www.independentpeople.net\/fr\/wp-json\/wp\/v2\/media?parent=12861"}],"curies":[{"name":"wp","href":"https:\/\/api.w.org\/{rel}","templated":true}]}}