{"id":12931,"date":"2016-11-14T13:46:13","date_gmt":"2016-11-14T13:46:13","guid":{"rendered":"http:\/\/www.independentpeople.net\/russie\/"},"modified":"2020-01-18T19:12:26","modified_gmt":"2020-01-18T19:12:26","slug":"russie","status":"publish","type":"page","link":"https:\/\/www.independentpeople.net\/fr\/russie\/","title":{"rendered":"Russie"},"content":{"rendered":"<div class=\"fusion-fullwidth fullwidth-box fusion-builder-row-1 nonhundred-percent-fullwidth non-hundred-percent-height-scrolling\" style=\"--awb-border-radius-top-left:0px;--awb-border-radius-top-right:0px;--awb-border-radius-bottom-right:0px;--awb-border-radius-bottom-left:0px;--awb-flex-wrap:wrap;\" ><div class=\"fusion-builder-row fusion-row\"><div class=\"fusion-layout-column fusion_builder_column fusion-builder-column-0 fusion_builder_column_1_1 1_1 fusion-one-full fusion-column-first fusion-column-last\" style=\"--awb-bg-size:cover;\"><div class=\"fusion-column-wrapper fusion-column-has-shadow fusion-flex-column-wrapper-legacy\"><div class=\"fusion-blog-shortcode fusion-blog-shortcode-1 fusion-blog-archive fusion-blog-layout-grid-wrapper fusion-blog-no\"><style type=\"text\/css\">.fusion-blog-shortcode-1 .fusion-blog-layout-grid .fusion-post-grid{padding:20px;}.fusion-blog-shortcode-1 .fusion-posts-container{margin-left: -20px !important; margin-right:-20px !important;}<\/style><div class=\"fusion-posts-container fusion-posts-container-no fusion-blog-layout-grid fusion-blog-layout-grid-2 isotope\" data-pages=\"0\" data-grid-col-space=\"40\" style=\"margin: -20px -20px 0;min-height:500px;\"><article id=\"blog-1-post-15994\" class=\"fusion-post-grid post-15994 post type-post status-publish format-standard has-post-thumbnail hentry category-carnet-expats-1 category-estonie category-expatriation category-russie\">\n<div class=\"fusion-post-wrapper\" style=\"background-color:rgba(255,255,255,1);border:1px solid #e9edef;border-bottom-width:3px;\">\n\n\t\t\t<div class=\"fusion-flexslider flexslider fusion-flexslider-loading fusion-post-slideshow\" style=\"border-color:#e9edef;\">\n\t\t<ul class=\"slides\">\n\t\t\t\n\t\t\t\t\t\t\t\t\t\t\t\t\t\t<li><div  class=\"fusion-image-wrapper\" aria-haspopup=\"true\">\n\t\t\t\t\t\t\t<a href=\"https:\/\/www.independentpeople.net\/fr\/estonie\/narva-promenade-dans-la-ville-de-notre-premiere-expatriation\/\" aria-label=\"Narva : promenade dans la ville de notre premi\u00e8re expatriation\">\n\t\t\t\t\t\t\t<img data-recalc-dims=\"1\" decoding=\"async\" loading=\"lazy\" width=\"1500\" height=\"994\" src=\"https:\/\/i0.wp.com\/www.independentpeople.net\/wp-content\/uploads\/2019\/06\/Narva-walking-3.jpg?resize=1500%2C994&#038;ssl=1\" class=\"attachment-full size-full wp-post-image\" alt=\"Narva : promenade dans la ville de notre premi\u00e8re expatriation\" srcset=\"https:\/\/i0.wp.com\/www.independentpeople.net\/wp-content\/uploads\/2019\/06\/Narva-walking-3.jpg?resize=200%2C133&amp;ssl=1 200w, https:\/\/i0.wp.com\/www.independentpeople.net\/wp-content\/uploads\/2019\/06\/Narva-walking-3.jpg?resize=300%2C199&amp;ssl=1 300w, https:\/\/i0.wp.com\/www.independentpeople.net\/wp-content\/uploads\/2019\/06\/Narva-walking-3.jpg?resize=400%2C265&amp;ssl=1 400w, https:\/\/i0.wp.com\/www.independentpeople.net\/wp-content\/uploads\/2019\/06\/Narva-walking-3.jpg?resize=600%2C398&amp;ssl=1 600w, https:\/\/i0.wp.com\/www.independentpeople.net\/wp-content\/uploads\/2019\/06\/Narva-walking-3.jpg?resize=640%2C424&amp;ssl=1 640w, https:\/\/i0.wp.com\/www.independentpeople.net\/wp-content\/uploads\/2019\/06\/Narva-walking-3.jpg?resize=768%2C509&amp;ssl=1 768w, https:\/\/i0.wp.com\/www.independentpeople.net\/wp-content\/uploads\/2019\/06\/Narva-walking-3.jpg?resize=800%2C530&amp;ssl=1 800w, https:\/\/i0.wp.com\/www.independentpeople.net\/wp-content\/uploads\/2019\/06\/Narva-walking-3.jpg?resize=1200%2C795&amp;ssl=1 1200w, https:\/\/i0.wp.com\/www.independentpeople.net\/wp-content\/uploads\/2019\/06\/Narva-walking-3.jpg?fit=1500%2C994&amp;ssl=1 1500w\" sizes=\"auto, (min-width: 2200px) 100vw, (min-width: 713px) 785px, (min-width: 640px) 713px, \" \/>\t\t\t<\/a>\n\t\t\t\t\t\t\t<\/div>\n<\/li>\n\t\t\t\n\t\t\t\n\t\t\t\t\t\t\t\t\t\t\t\n\t\t\t\t\t\n\t\t\t\t\t\t\t\t\t\t\t<li>\n\t\t\t\t\t\t\t<div class=\"fusion-image-wrapper\">\n\t\t\t\t\t\t\t\t<a href=\"https:\/\/www.independentpeople.net\/fr\/estonie\/narva-promenade-dans-la-ville-de-notre-premiere-expatriation\/\" aria-label=\"Narva : promenade dans la ville de notre premi\u00e8re expatriation\">\n\t\t\t\t\t\t\t\t\t<img data-recalc-dims=\"1\" decoding=\"async\" width=\"1500\" height=\"996\" src=\"https:\/\/i0.wp.com\/www.independentpeople.net\/wp-content\/uploads\/2019\/06\/Narva-walking-54.jpg?resize=1500%2C996&#038;ssl=1\" alt=\"Narva : promenade dans la ville de notre premi\u00e8re expatriation\" class=\"wp-image-17080\" role=\"presentation\" srcset=\"https:\/\/i0.wp.com\/www.independentpeople.net\/wp-content\/uploads\/2019\/06\/Narva-walking-54.jpg?resize=200%2C133&amp;ssl=1 200w, https:\/\/i0.wp.com\/www.independentpeople.net\/wp-content\/uploads\/2019\/06\/Narva-walking-54.jpg?resize=300%2C199&amp;ssl=1 300w, https:\/\/i0.wp.com\/www.independentpeople.net\/wp-content\/uploads\/2019\/06\/Narva-walking-54.jpg?resize=400%2C266&amp;ssl=1 400w, https:\/\/i0.wp.com\/www.independentpeople.net\/wp-content\/uploads\/2019\/06\/Narva-walking-54.jpg?resize=600%2C398&amp;ssl=1 600w, https:\/\/i0.wp.com\/www.independentpeople.net\/wp-content\/uploads\/2019\/06\/Narva-walking-54.jpg?resize=640%2C425&amp;ssl=1 640w, https:\/\/i0.wp.com\/www.independentpeople.net\/wp-content\/uploads\/2019\/06\/Narva-walking-54.jpg?resize=768%2C510&amp;ssl=1 768w, https:\/\/i0.wp.com\/www.independentpeople.net\/wp-content\/uploads\/2019\/06\/Narva-walking-54.jpg?resize=800%2C531&amp;ssl=1 800w, https:\/\/i0.wp.com\/www.independentpeople.net\/wp-content\/uploads\/2019\/06\/Narva-walking-54.jpg?resize=1200%2C797&amp;ssl=1 1200w, https:\/\/i0.wp.com\/www.independentpeople.net\/wp-content\/uploads\/2019\/06\/Narva-walking-54.jpg?w=1500&amp;ssl=1 1500w\" sizes=\"(min-width: 2200px) 100vw, (min-width: 713px) 785px, (min-width: 640px) 713px, \" \/>\t\t\t\t\t\t\t\t<\/a>\n\t\t\t\t\t\t\t\t<a style=\"display:none;\" href=\"https:\/\/i0.wp.com\/www.independentpeople.net\/wp-content\/uploads\/2019\/06\/Narva-walking-54.jpg?fit=1500%2C996&#038;ssl=1\" data-rel=\"iLightbox[gallery15994]\"  title=\"\" data-title=\"Narva : promenade dans la ville de notre premi\u00e8re expatriation\" data-caption=\"\">\n\t\t\t\t\t\t\t\t\t\t\t\t\t\t\t\t\t\t\t<img style=\"display:none;\" alt=\"Narva : promenade dans la ville de notre premi\u00e8re expatriation\" role=\"presentation\" \/>\n\t\t\t\t\t\t\t\t\t\t\t\t\t\t\t\t\t<\/a>\n\t\t\t\t\t\t\t<\/div>\n\t\t\t\t\t\t<\/li>\n\t\t\t\t\t\t\t\t\t\t\t\t\t\t\t\t\t\t\t\t\t\t\t\t\t\t\t\t\t\t\t\t\t\t\t\t\t\t\t\t\t\t\t\t\t\t\t\t\t\t\t\t\t\t\t\t\t\t\t\t\t\t\t\t\t\t<\/ul>\n\t<\/div>\n\t<div class=\"fusion-post-content-wrapper\" style=\"padding:30px 25px 20px 25px;\"><div class=\"fusion-post-content post-content\"><h2 class=\"blog-shortcode-post-title entry-title\"><a href=\"https:\/\/www.independentpeople.net\/fr\/estonie\/narva-promenade-dans-la-ville-de-notre-premiere-expatriation\/\">Narva : promenade dans la ville de notre premi\u00e8re expatriation<\/a><\/h2><p class=\"fusion-single-line-meta\"><span class=\"vcard\" style=\"display: none;\"><span class=\"fn\"><a href=\"https:\/\/www.independentpeople.net\/fr\/author\/drakyla1604gmail-com\/\" title=\"Articles par independentpeople\" rel=\"author\">independentpeople<\/a><\/span><\/span><span class=\"updated\" style=\"display:none;\">2020-02-01T09:40:14+00:00<\/span><span>juin 29th, 2019<\/span><span class=\"fusion-inline-sep\">|<\/span><\/p><\/div><\/div><div class=\"fusion-clearfix\"><\/div><\/div>\n<\/article>\n<article id=\"blog-1-post-14463\" class=\"fusion-post-grid post-14463 post type-post status-publish format-standard has-post-thumbnail hentry category-hiver category-russie\">\n<div class=\"fusion-post-wrapper\" style=\"background-color:rgba(255,255,255,1);border:1px solid #e9edef;border-bottom-width:3px;\">\n\n\t\t\t<div class=\"fusion-flexslider flexslider fusion-flexslider-loading fusion-post-slideshow\" style=\"border-color:#e9edef;\">\n\t\t<ul class=\"slides\">\n\t\t\t\n\t\t\t\t\t\t\t\t\t\t\t\t\t\t<li><div  class=\"fusion-image-wrapper\" aria-haspopup=\"true\">\n\t\t\t\t\t\t\t<a href=\"https:\/\/www.independentpeople.net\/fr\/hiver\/promenade-a-moscou\/\" aria-label=\"Promenade \u00e0 Moscou\">\n\t\t\t\t\t\t\t<img data-recalc-dims=\"1\" decoding=\"async\" loading=\"lazy\" width=\"1500\" height=\"996\" src=\"https:\/\/i0.wp.com\/www.independentpeople.net\/wp-content\/uploads\/2017\/01\/Moscow17.jpg?resize=1500%2C996&#038;ssl=1\" class=\"attachment-full size-full wp-post-image\" alt=\"\" srcset=\"https:\/\/i0.wp.com\/www.independentpeople.net\/wp-content\/uploads\/2017\/01\/Moscow17.jpg?resize=200%2C133&amp;ssl=1 200w, https:\/\/i0.wp.com\/www.independentpeople.net\/wp-content\/uploads\/2017\/01\/Moscow17.jpg?resize=300%2C199&amp;ssl=1 300w, https:\/\/i0.wp.com\/www.independentpeople.net\/wp-content\/uploads\/2017\/01\/Moscow17.jpg?resize=400%2C266&amp;ssl=1 400w, https:\/\/i0.wp.com\/www.independentpeople.net\/wp-content\/uploads\/2017\/01\/Moscow17.jpg?resize=600%2C398&amp;ssl=1 600w, https:\/\/i0.wp.com\/www.independentpeople.net\/wp-content\/uploads\/2017\/01\/Moscow17.jpg?resize=768%2C510&amp;ssl=1 768w, https:\/\/i0.wp.com\/www.independentpeople.net\/wp-content\/uploads\/2017\/01\/Moscow17.jpg?resize=800%2C531&amp;ssl=1 800w, https:\/\/i0.wp.com\/www.independentpeople.net\/wp-content\/uploads\/2017\/01\/Moscow17.jpg?resize=1024%2C680&amp;ssl=1 1024w, https:\/\/i0.wp.com\/www.independentpeople.net\/wp-content\/uploads\/2017\/01\/Moscow17.jpg?resize=1200%2C797&amp;ssl=1 1200w, https:\/\/i0.wp.com\/www.independentpeople.net\/wp-content\/uploads\/2017\/01\/Moscow17.jpg?fit=1500%2C996&amp;ssl=1 1500w\" sizes=\"auto, (min-width: 2200px) 100vw, (min-width: 713px) 785px, (min-width: 640px) 713px, \" \/>\t\t\t<\/a>\n\t\t\t\t\t\t\t<\/div>\n<\/li>\n\t\t\t\n\t\t\t\n\t\t\t\t\t\t\t\t\t\t\t\n\t\t\t\t\t\n\t\t\t\t\t\t\t\t\t\t\t<li>\n\t\t\t\t\t\t\t<div class=\"fusion-image-wrapper\">\n\t\t\t\t\t\t\t\t<a href=\"https:\/\/www.independentpeople.net\/fr\/hiver\/promenade-a-moscou\/\" aria-label=\"Promenade \u00e0 Moscou\">\n\t\t\t\t\t\t\t\t\t<img data-recalc-dims=\"1\" decoding=\"async\" width=\"1500\" height=\"996\" src=\"https:\/\/i0.wp.com\/www.independentpeople.net\/wp-content\/uploads\/2017\/01\/Moscow21.jpg?resize=1500%2C996&#038;ssl=1\" alt=\"\" class=\"wp-image-14491\" role=\"presentation\" srcset=\"https:\/\/i0.wp.com\/www.independentpeople.net\/wp-content\/uploads\/2017\/01\/Moscow21.jpg?resize=200%2C133&amp;ssl=1 200w, https:\/\/i0.wp.com\/www.independentpeople.net\/wp-content\/uploads\/2017\/01\/Moscow21.jpg?resize=300%2C199&amp;ssl=1 300w, https:\/\/i0.wp.com\/www.independentpeople.net\/wp-content\/uploads\/2017\/01\/Moscow21.jpg?resize=400%2C266&amp;ssl=1 400w, https:\/\/i0.wp.com\/www.independentpeople.net\/wp-content\/uploads\/2017\/01\/Moscow21.jpg?resize=600%2C398&amp;ssl=1 600w, https:\/\/i0.wp.com\/www.independentpeople.net\/wp-content\/uploads\/2017\/01\/Moscow21.jpg?resize=768%2C510&amp;ssl=1 768w, https:\/\/i0.wp.com\/www.independentpeople.net\/wp-content\/uploads\/2017\/01\/Moscow21.jpg?resize=800%2C531&amp;ssl=1 800w, https:\/\/i0.wp.com\/www.independentpeople.net\/wp-content\/uploads\/2017\/01\/Moscow21.jpg?resize=1024%2C680&amp;ssl=1 1024w, https:\/\/i0.wp.com\/www.independentpeople.net\/wp-content\/uploads\/2017\/01\/Moscow21.jpg?resize=1200%2C797&amp;ssl=1 1200w, https:\/\/i0.wp.com\/www.independentpeople.net\/wp-content\/uploads\/2017\/01\/Moscow21.jpg?w=1500&amp;ssl=1 1500w\" sizes=\"(min-width: 2200px) 100vw, (min-width: 713px) 785px, (min-width: 640px) 713px, \" \/>\t\t\t\t\t\t\t\t<\/a>\n\t\t\t\t\t\t\t\t<a style=\"display:none;\" href=\"https:\/\/i0.wp.com\/www.independentpeople.net\/wp-content\/uploads\/2017\/01\/Moscow21.jpg?fit=1500%2C996&#038;ssl=1\" data-rel=\"iLightbox[gallery14463]\"  title=\"\" data-title=\"Moscow21\" data-caption=\"\">\n\t\t\t\t\t\t\t\t\t\t\t\t\t\t\t\t\t<\/a>\n\t\t\t\t\t\t\t<\/div>\n\t\t\t\t\t\t<\/li>\n\t\t\t\t\t\t\t\t\t\t\t\t\t\t\t\t\t\t\t\t\t\t\t\t\t\t\t\t\t\t\t\t\t\t\t\t\t\t\t\t\t\t\t\t\t\t\t\t\t\t\t\t\t\t\t\t\t\t\t\t\t\t\t\t\t\t<\/ul>\n\t<\/div>\n\t<div class=\"fusion-post-content-wrapper\" style=\"padding:30px 25px 20px 25px;\"><div class=\"fusion-post-content post-content\"><h2 class=\"blog-shortcode-post-title entry-title\"><a href=\"https:\/\/www.independentpeople.net\/fr\/hiver\/promenade-a-moscou\/\">Promenade \u00e0 Moscou<\/a><\/h2><p class=\"fusion-single-line-meta\"><span class=\"vcard\" style=\"display: none;\"><span class=\"fn\"><a href=\"https:\/\/www.independentpeople.net\/fr\/author\/drakyla1604gmail-com\/\" title=\"Articles par independentpeople\" rel=\"author\">independentpeople<\/a><\/span><\/span><span class=\"updated\" style=\"display:none;\">2017-01-19T18:32:56+00:00<\/span><span>janvier 19th, 2017<\/span><span class=\"fusion-inline-sep\">|<\/span><\/p><\/div><\/div><div class=\"fusion-clearfix\"><\/div><\/div>\n<\/article>\n<article id=\"blog-1-post-14382\" class=\"fusion-post-grid post-14382 post type-post status-publish format-standard has-post-thumbnail hentry category-russie\">\n<div class=\"fusion-post-wrapper\" style=\"background-color:rgba(255,255,255,1);border:1px solid #e9edef;border-bottom-width:3px;\">\n\n\t\t\t<div class=\"fusion-flexslider flexslider fusion-flexslider-loading fusion-post-slideshow\" style=\"border-color:#e9edef;\">\n\t\t<ul class=\"slides\">\n\t\t\t\n\t\t\t\t\t\t\t\t\t\t\t\t\t\t<li><div  class=\"fusion-image-wrapper\" aria-haspopup=\"true\">\n\t\t\t\t\t\t\t<a href=\"https:\/\/www.independentpeople.net\/fr\/russie\/7-deceptions-de-saint-petersbourg-qui-brisent-le-coeur\/\" aria-label=\"7 d\u00e9ceptions de Saint-P\u00e9tersbourg qui brisent le c\u0153ur\">\n\t\t\t\t\t\t\t<img data-recalc-dims=\"1\" decoding=\"async\" loading=\"lazy\" width=\"1500\" height=\"994\" src=\"https:\/\/i0.wp.com\/www.independentpeople.net\/wp-content\/uploads\/2016\/11\/Saint-Petersburg-Bad_01.jpg?resize=1500%2C994&#038;ssl=1\" class=\"attachment-full size-full wp-post-image\" alt=\"\" srcset=\"https:\/\/i0.wp.com\/www.independentpeople.net\/wp-content\/uploads\/2016\/11\/Saint-Petersburg-Bad_01.jpg?resize=200%2C133&amp;ssl=1 200w, https:\/\/i0.wp.com\/www.independentpeople.net\/wp-content\/uploads\/2016\/11\/Saint-Petersburg-Bad_01.jpg?resize=300%2C199&amp;ssl=1 300w, https:\/\/i0.wp.com\/www.independentpeople.net\/wp-content\/uploads\/2016\/11\/Saint-Petersburg-Bad_01.jpg?resize=400%2C265&amp;ssl=1 400w, https:\/\/i0.wp.com\/www.independentpeople.net\/wp-content\/uploads\/2016\/11\/Saint-Petersburg-Bad_01.jpg?resize=600%2C398&amp;ssl=1 600w, https:\/\/i0.wp.com\/www.independentpeople.net\/wp-content\/uploads\/2016\/11\/Saint-Petersburg-Bad_01.jpg?resize=768%2C509&amp;ssl=1 768w, https:\/\/i0.wp.com\/www.independentpeople.net\/wp-content\/uploads\/2016\/11\/Saint-Petersburg-Bad_01.jpg?resize=800%2C530&amp;ssl=1 800w, https:\/\/i0.wp.com\/www.independentpeople.net\/wp-content\/uploads\/2016\/11\/Saint-Petersburg-Bad_01.jpg?resize=1024%2C679&amp;ssl=1 1024w, https:\/\/i0.wp.com\/www.independentpeople.net\/wp-content\/uploads\/2016\/11\/Saint-Petersburg-Bad_01.jpg?resize=1200%2C795&amp;ssl=1 1200w, https:\/\/i0.wp.com\/www.independentpeople.net\/wp-content\/uploads\/2016\/11\/Saint-Petersburg-Bad_01.jpg?fit=1500%2C994&amp;ssl=1 1500w\" sizes=\"auto, (min-width: 2200px) 100vw, (min-width: 713px) 785px, (min-width: 640px) 713px, \" \/>\t\t\t<\/a>\n\t\t\t\t\t\t\t<\/div>\n<\/li>\n\t\t\t\n\t\t\t\n\t\t\t\t\t\t\t\t\t\t\t\n\t\t\t\t\t\n\t\t\t\t\t\t\t\t\t\t\t<li>\n\t\t\t\t\t\t\t<div class=\"fusion-image-wrapper\">\n\t\t\t\t\t\t\t\t<a href=\"https:\/\/www.independentpeople.net\/fr\/russie\/7-deceptions-de-saint-petersbourg-qui-brisent-le-coeur\/\" aria-label=\"7 d\u00e9ceptions de Saint-P\u00e9tersbourg qui brisent le c\u0153ur\">\n\t\t\t\t\t\t\t\t\t<img data-recalc-dims=\"1\" decoding=\"async\" width=\"1500\" height=\"994\" src=\"https:\/\/i0.wp.com\/www.independentpeople.net\/wp-content\/uploads\/2016\/11\/Saint-Petersburg06.jpg?resize=1500%2C994&#038;ssl=1\" alt=\"\" class=\"wp-image-14351\" role=\"presentation\" srcset=\"https:\/\/i0.wp.com\/www.independentpeople.net\/wp-content\/uploads\/2016\/11\/Saint-Petersburg06.jpg?resize=200%2C133&amp;ssl=1 200w, https:\/\/i0.wp.com\/www.independentpeople.net\/wp-content\/uploads\/2016\/11\/Saint-Petersburg06.jpg?resize=300%2C199&amp;ssl=1 300w, https:\/\/i0.wp.com\/www.independentpeople.net\/wp-content\/uploads\/2016\/11\/Saint-Petersburg06.jpg?resize=400%2C265&amp;ssl=1 400w, https:\/\/i0.wp.com\/www.independentpeople.net\/wp-content\/uploads\/2016\/11\/Saint-Petersburg06.jpg?resize=600%2C398&amp;ssl=1 600w, https:\/\/i0.wp.com\/www.independentpeople.net\/wp-content\/uploads\/2016\/11\/Saint-Petersburg06.jpg?resize=768%2C509&amp;ssl=1 768w, https:\/\/i0.wp.com\/www.independentpeople.net\/wp-content\/uploads\/2016\/11\/Saint-Petersburg06.jpg?resize=800%2C530&amp;ssl=1 800w, https:\/\/i0.wp.com\/www.independentpeople.net\/wp-content\/uploads\/2016\/11\/Saint-Petersburg06.jpg?resize=1024%2C679&amp;ssl=1 1024w, https:\/\/i0.wp.com\/www.independentpeople.net\/wp-content\/uploads\/2016\/11\/Saint-Petersburg06.jpg?resize=1200%2C795&amp;ssl=1 1200w, https:\/\/i0.wp.com\/www.independentpeople.net\/wp-content\/uploads\/2016\/11\/Saint-Petersburg06.jpg?w=1500&amp;ssl=1 1500w\" sizes=\"(min-width: 2200px) 100vw, (min-width: 713px) 785px, (min-width: 640px) 713px, \" \/>\t\t\t\t\t\t\t\t<\/a>\n\t\t\t\t\t\t\t\t<a style=\"display:none;\" href=\"https:\/\/i0.wp.com\/www.independentpeople.net\/wp-content\/uploads\/2016\/11\/Saint-Petersburg06.jpg?fit=1500%2C994&#038;ssl=1\" data-rel=\"iLightbox[gallery14382]\"  title=\"\" data-title=\"saint-petersburg06\" data-caption=\"\">\n\t\t\t\t\t\t\t\t\t\t\t\t\t\t\t\t\t<\/a>\n\t\t\t\t\t\t\t<\/div>\n\t\t\t\t\t\t<\/li>\n\t\t\t\t\t\t\t\t\t\t\t\t\t\t\t\t\t\t\t\t\t\t\t\t\t\t\t\t\t\t\t\t\t\t\t\t\t\t\t\t\t\t\t\t\t\t\t\t\t\t\t\t\t\t\t\t\t\t\t\t\t\t\t\t\t\t<\/ul>\n\t<\/div>\n\t<div class=\"fusion-post-content-wrapper\" style=\"padding:30px 25px 20px 25px;\"><div class=\"fusion-post-content post-content\"><h2 class=\"blog-shortcode-post-title entry-title\"><a href=\"https:\/\/www.independentpeople.net\/fr\/russie\/7-deceptions-de-saint-petersbourg-qui-brisent-le-coeur\/\">7 d\u00e9ceptions de Saint-P\u00e9tersbourg qui brisent le c\u0153ur<\/a><\/h2><p class=\"fusion-single-line-meta\"><span class=\"vcard\" style=\"display: none;\"><span class=\"fn\"><a href=\"https:\/\/www.independentpeople.net\/fr\/author\/drakyla1604gmail-com\/\" title=\"Articles par independentpeople\" rel=\"author\">independentpeople<\/a><\/span><\/span><span class=\"updated\" style=\"display:none;\">2020-01-19T17:13:21+00:00<\/span><span>novembre 19th, 2016<\/span><span class=\"fusion-inline-sep\">|<\/span><\/p><\/div><\/div><div class=\"fusion-clearfix\"><\/div><\/div>\n<\/article>\n<article id=\"blog-1-post-14335\" class=\"fusion-post-grid post-14335 post type-post status-publish format-standard has-post-thumbnail hentry category-hiver category-russie\">\n<div class=\"fusion-post-wrapper\" style=\"background-color:rgba(255,255,255,1);border:1px solid #e9edef;border-bottom-width:3px;\">\n\n\t\t\t<div class=\"fusion-flexslider flexslider fusion-flexslider-loading fusion-post-slideshow\" style=\"border-color:#e9edef;\">\n\t\t<ul class=\"slides\">\n\t\t\t\n\t\t\t\t\t\t\t\t\t\t\t\t\t\t<li><div  class=\"fusion-image-wrapper\" aria-haspopup=\"true\">\n\t\t\t\t\t\t\t<a href=\"https:\/\/www.independentpeople.net\/fr\/hiver\/saint-petersbourg-en-hiver-ton-guide-pour-le-week-end\/\" aria-label=\"Saint-P\u00e9tersbourg en hiver : ton guide pour le week-end\">\n\t\t\t\t\t\t\t<img data-recalc-dims=\"1\" decoding=\"async\" loading=\"lazy\" width=\"1500\" height=\"994\" src=\"https:\/\/i0.wp.com\/www.independentpeople.net\/wp-content\/uploads\/2018\/10\/spb-3.jpg?resize=1500%2C994&#038;ssl=1\" class=\"attachment-full size-full wp-post-image\" alt=\"\" srcset=\"https:\/\/i0.wp.com\/www.independentpeople.net\/wp-content\/uploads\/2018\/10\/spb-3.jpg?resize=200%2C133&amp;ssl=1 200w, https:\/\/i0.wp.com\/www.independentpeople.net\/wp-content\/uploads\/2018\/10\/spb-3.jpg?resize=300%2C199&amp;ssl=1 300w, https:\/\/i0.wp.com\/www.independentpeople.net\/wp-content\/uploads\/2018\/10\/spb-3.jpg?resize=400%2C265&amp;ssl=1 400w, https:\/\/i0.wp.com\/www.independentpeople.net\/wp-content\/uploads\/2018\/10\/spb-3.jpg?resize=600%2C398&amp;ssl=1 600w, https:\/\/i0.wp.com\/www.independentpeople.net\/wp-content\/uploads\/2018\/10\/spb-3.jpg?resize=640%2C424&amp;ssl=1 640w, https:\/\/i0.wp.com\/www.independentpeople.net\/wp-content\/uploads\/2018\/10\/spb-3.jpg?resize=768%2C509&amp;ssl=1 768w, https:\/\/i0.wp.com\/www.independentpeople.net\/wp-content\/uploads\/2018\/10\/spb-3.jpg?resize=800%2C530&amp;ssl=1 800w, https:\/\/i0.wp.com\/www.independentpeople.net\/wp-content\/uploads\/2018\/10\/spb-3.jpg?resize=1200%2C795&amp;ssl=1 1200w, https:\/\/i0.wp.com\/www.independentpeople.net\/wp-content\/uploads\/2018\/10\/spb-3.jpg?fit=1500%2C994&amp;ssl=1 1500w\" sizes=\"auto, (min-width: 2200px) 100vw, (min-width: 713px) 785px, (min-width: 640px) 713px, \" \/>\t\t\t<\/a>\n\t\t\t\t\t\t\t<\/div>\n<\/li>\n\t\t\t\n\t\t\t\n\t\t\t\t\t\t\t\t\t\t\t\n\t\t\t\t\t\n\t\t\t\t\t\t\t\t\t\t\t<li>\n\t\t\t\t\t\t\t<div class=\"fusion-image-wrapper\">\n\t\t\t\t\t\t\t\t<a href=\"https:\/\/www.independentpeople.net\/fr\/hiver\/saint-petersbourg-en-hiver-ton-guide-pour-le-week-end\/\" aria-label=\"Saint-P\u00e9tersbourg en hiver : ton guide pour le week-end\">\n\t\t\t\t\t\t\t\t\t<img data-recalc-dims=\"1\" decoding=\"async\" width=\"1500\" height=\"994\" src=\"https:\/\/i0.wp.com\/www.independentpeople.net\/wp-content\/uploads\/2018\/10\/spb-1.jpg?resize=1500%2C994&#038;ssl=1\" alt=\"\" class=\"wp-image-8119\" role=\"presentation\" srcset=\"https:\/\/i0.wp.com\/www.independentpeople.net\/wp-content\/uploads\/2018\/10\/spb-1.jpg?resize=200%2C133&amp;ssl=1 200w, https:\/\/i0.wp.com\/www.independentpeople.net\/wp-content\/uploads\/2018\/10\/spb-1.jpg?resize=300%2C199&amp;ssl=1 300w, https:\/\/i0.wp.com\/www.independentpeople.net\/wp-content\/uploads\/2018\/10\/spb-1.jpg?resize=400%2C265&amp;ssl=1 400w, https:\/\/i0.wp.com\/www.independentpeople.net\/wp-content\/uploads\/2018\/10\/spb-1.jpg?resize=600%2C398&amp;ssl=1 600w, https:\/\/i0.wp.com\/www.independentpeople.net\/wp-content\/uploads\/2018\/10\/spb-1.jpg?resize=640%2C424&amp;ssl=1 640w, https:\/\/i0.wp.com\/www.independentpeople.net\/wp-content\/uploads\/2018\/10\/spb-1.jpg?resize=768%2C509&amp;ssl=1 768w, https:\/\/i0.wp.com\/www.independentpeople.net\/wp-content\/uploads\/2018\/10\/spb-1.jpg?resize=800%2C530&amp;ssl=1 800w, https:\/\/i0.wp.com\/www.independentpeople.net\/wp-content\/uploads\/2018\/10\/spb-1.jpg?resize=1200%2C795&amp;ssl=1 1200w, https:\/\/i0.wp.com\/www.independentpeople.net\/wp-content\/uploads\/2018\/10\/spb-1.jpg?w=1500&amp;ssl=1 1500w\" sizes=\"(min-width: 2200px) 100vw, (min-width: 713px) 785px, (min-width: 640px) 713px, \" \/>\t\t\t\t\t\t\t\t<\/a>\n\t\t\t\t\t\t\t\t<a style=\"display:none;\" href=\"https:\/\/i0.wp.com\/www.independentpeople.net\/wp-content\/uploads\/2018\/10\/spb-1.jpg?fit=1500%2C994&#038;ssl=1\" data-rel=\"iLightbox[gallery14335]\"  title=\"\" data-title=\"spb-1\" data-caption=\"\">\n\t\t\t\t\t\t\t\t\t\t\t\t\t\t\t\t\t<\/a>\n\t\t\t\t\t\t\t<\/div>\n\t\t\t\t\t\t<\/li>\n\t\t\t\t\t\t\t\t\t\t\t\t\t\t\t\t\t\t\t\t\t\t\t\t\t\t\t\t\t\t\t\t\t\t\t\t\t\t\t\t\t\t\t\t\t\t\t\t\t\t\t\t\t\t\t\t\t\t\t\t\t\t\t\t\t\t<\/ul>\n\t<\/div>\n\t<div class=\"fusion-post-content-wrapper\" style=\"padding:30px 25px 20px 25px;\"><div class=\"fusion-post-content post-content\"><h2 class=\"blog-shortcode-post-title entry-title\"><a href=\"https:\/\/www.independentpeople.net\/fr\/hiver\/saint-petersbourg-en-hiver-ton-guide-pour-le-week-end\/\">Saint-P\u00e9tersbourg en hiver : ton guide pour le week-end<\/a><\/h2><p class=\"fusion-single-line-meta\"><span class=\"vcard\" style=\"display: none;\"><span class=\"fn\"><a href=\"https:\/\/www.independentpeople.net\/fr\/author\/drakyla1604gmail-com\/\" title=\"Articles par independentpeople\" rel=\"author\">independentpeople<\/a><\/span><\/span><span class=\"updated\" style=\"display:none;\">2020-01-21T11:26:29+00:00<\/span><span>novembre 15th, 2016<\/span><span class=\"fusion-inline-sep\">|<\/span><\/p><\/div><\/div><div class=\"fusion-clearfix\"><\/div><\/div>\n<\/article>\n<div class=\"fusion-clearfix\"><\/div><\/div><\/div><div class=\"fusion-clearfix\"><\/div><\/div><\/div><\/div><\/div>\n<p><a href=\"\/\/www.pinterest.com\/pin\/create\/button\/\" data-pin-do=\"buttonBookmark\" data-pin-color=\"red\" data-pin-height=\"128\"><img data-recalc-dims=\"1\" decoding=\"async\" loading=\"lazy\" src=\"https:\/\/i0.wp.com\/assets.pinterest.com\/images\/pidgets\/pinit_fg_en_rect_red_28.png?w=1500\" \/><\/a><\/p>","protected":false},"excerpt":{"rendered":"","protected":false},"author":1,"featured_media":0,"parent":0,"menu_order":0,"comment_status":"closed","ping_status":"closed","template":"","meta":{"nf_dc_page":"","footnotes":""},"class_list":["post-12931","page","type-page","status-publish","hentry"],"aioseo_notices":[],"jetpack_sharing_enabled":true,"jetpack_shortlink":"https:\/\/wp.me\/P78Bh7-3mz","_links":{"self":[{"href":"https:\/\/www.independentpeople.net\/fr\/wp-json\/wp\/v2\/pages\/12931","targetHints":{"allow":["GET"]}}],"collection":[{"href":"https:\/\/www.independentpeople.net\/fr\/wp-json\/wp\/v2\/pages"}],"about":[{"href":"https:\/\/www.independentpeople.net\/fr\/wp-json\/wp\/v2\/types\/page"}],"author":[{"embeddable":true,"href":"https:\/\/www.independentpeople.net\/fr\/wp-json\/wp\/v2\/users\/1"}],"replies":[{"embeddable":true,"href":"https:\/\/www.independentpeople.net\/fr\/wp-json\/wp\/v2\/comments?post=12931"}],"version-history":[{"count":3,"href":"https:\/\/www.independentpeople.net\/fr\/wp-json\/wp\/v2\/pages\/12931\/revisions"}],"predecessor-version":[{"id":16260,"href":"https:\/\/www.independentpeople.net\/fr\/wp-json\/wp\/v2\/pages\/12931\/revisions\/16260"}],"wp:attachment":[{"href":"https:\/\/www.independentpeople.net\/fr\/wp-json\/wp\/v2\/media?parent=12931"}],"curies":[{"name":"wp","href":"https:\/\/api.w.org\/{rel}","templated":true}]}}