{"id":12935,"date":"2017-09-14T11:14:21","date_gmt":"2017-09-14T11:14:21","guid":{"rendered":"http:\/\/www.independentpeople.net\/allemagne\/"},"modified":"2023-08-03T14:21:03","modified_gmt":"2023-08-03T14:21:03","slug":"allemagne","status":"publish","type":"page","link":"https:\/\/www.independentpeople.net\/fr\/allemagne\/","title":{"rendered":"Allemagne"},"content":{"rendered":"<div class=\"fusion-fullwidth fullwidth-box fusion-builder-row-1 nonhundred-percent-fullwidth non-hundred-percent-height-scrolling\" style=\"--awb-border-radius-top-left:0px;--awb-border-radius-top-right:0px;--awb-border-radius-bottom-right:0px;--awb-border-radius-bottom-left:0px;--awb-flex-wrap:wrap;\" ><div class=\"fusion-builder-row fusion-row\"><div class=\"fusion-layout-column fusion_builder_column fusion-builder-column-0 fusion_builder_column_1_1 1_1 fusion-one-full fusion-column-first fusion-column-last\" style=\"--awb-bg-size:cover;\"><div class=\"fusion-column-wrapper fusion-column-has-shadow fusion-flex-column-wrapper-legacy\"><div class=\"fusion-blog-shortcode fusion-blog-shortcode-1 fusion-blog-archive fusion-blog-layout-grid-wrapper fusion-blog-no\"><style type=\"text\/css\">.fusion-blog-shortcode-1 .fusion-blog-layout-grid .fusion-post-grid{padding:20px;}.fusion-blog-shortcode-1 .fusion-posts-container{margin-left: -20px !important; margin-right:-20px !important;}<\/style><div class=\"fusion-posts-container fusion-posts-container-no fusion-blog-layout-grid fusion-blog-layout-grid-2 isotope\" data-pages=\"0\" data-grid-col-space=\"40\" style=\"margin: -20px -20px 0;min-height:500px;\"><article id=\"blog-1-post-15229\" class=\"fusion-post-grid post-15229 post type-post status-publish format-standard has-post-thumbnail hentry category-allemagne\">\n<div class=\"fusion-post-wrapper\" style=\"background-color:rgba(255,255,255,1);border:1px solid #e9edef;border-bottom-width:3px;\">\n\n\t\t\t<div class=\"fusion-flexslider flexslider fusion-flexslider-loading fusion-post-slideshow\" style=\"border-color:#e9edef;\">\n\t\t<ul class=\"slides\">\n\t\t\t\n\t\t\t\t\t\t\t\t\t\t\t\t\t\t<li><div  class=\"fusion-image-wrapper\" aria-haspopup=\"true\">\n\t\t\t\t\t\t\t<a href=\"https:\/\/www.independentpeople.net\/fr\/allemagne\/litineraire-dune-journee-dans-la-foret-noire\/\" aria-label=\"L\u2019itin\u00e9raire d\u2019une journ\u00e9e dans la For\u00eat Noire\">\n\t\t\t\t\t\t\t<img data-recalc-dims=\"1\" decoding=\"async\" loading=\"lazy\" width=\"1500\" height=\"1000\" src=\"https:\/\/i0.wp.com\/www.independentpeople.net\/wp-content\/uploads\/2019\/05\/untitled-066.jpg?resize=1500%2C1000&#038;ssl=1\" class=\"attachment-full size-full wp-post-image\" alt=\"\" srcset=\"https:\/\/i0.wp.com\/www.independentpeople.net\/wp-content\/uploads\/2019\/05\/untitled-066.jpg?resize=200%2C133&amp;ssl=1 200w, https:\/\/i0.wp.com\/www.independentpeople.net\/wp-content\/uploads\/2019\/05\/untitled-066.jpg?resize=300%2C200&amp;ssl=1 300w, https:\/\/i0.wp.com\/www.independentpeople.net\/wp-content\/uploads\/2019\/05\/untitled-066.jpg?resize=400%2C267&amp;ssl=1 400w, https:\/\/i0.wp.com\/www.independentpeople.net\/wp-content\/uploads\/2019\/05\/untitled-066.jpg?resize=600%2C400&amp;ssl=1 600w, https:\/\/i0.wp.com\/www.independentpeople.net\/wp-content\/uploads\/2019\/05\/untitled-066.jpg?resize=640%2C427&amp;ssl=1 640w, https:\/\/i0.wp.com\/www.independentpeople.net\/wp-content\/uploads\/2019\/05\/untitled-066.jpg?resize=768%2C512&amp;ssl=1 768w, https:\/\/i0.wp.com\/www.independentpeople.net\/wp-content\/uploads\/2019\/05\/untitled-066.jpg?resize=800%2C533&amp;ssl=1 800w, https:\/\/i0.wp.com\/www.independentpeople.net\/wp-content\/uploads\/2019\/05\/untitled-066.jpg?resize=1200%2C800&amp;ssl=1 1200w, https:\/\/i0.wp.com\/www.independentpeople.net\/wp-content\/uploads\/2019\/05\/untitled-066.jpg?fit=1500%2C1000&amp;ssl=1 1500w\" sizes=\"auto, (min-width: 2200px) 100vw, (min-width: 713px) 785px, (min-width: 640px) 713px, \" \/>\t\t\t<\/a>\n\t\t\t\t\t\t\t<\/div>\n<\/li>\n\t\t\t\n\t\t\t\n\t\t\t\t\t\t\t\t\t\t\t\n\t\t\t\t\t\n\t\t\t\t\t\t\t\t\t\t\t<li>\n\t\t\t\t\t\t\t<div class=\"fusion-image-wrapper\">\n\t\t\t\t\t\t\t\t<a href=\"https:\/\/www.independentpeople.net\/fr\/allemagne\/litineraire-dune-journee-dans-la-foret-noire\/\" aria-label=\"L\u2019itin\u00e9raire d\u2019une journ\u00e9e dans la For\u00eat Noire\">\n\t\t\t\t\t\t\t\t\t<img data-recalc-dims=\"1\" decoding=\"async\" width=\"1000\" height=\"664\" src=\"https:\/\/i0.wp.com\/www.independentpeople.net\/wp-content\/uploads\/2017\/10\/Black-Forest-Germany24.jpg?resize=1000%2C664&#038;ssl=1\" alt=\"Black Forest, Schwarzwald, For\u00eat Noire\" class=\"wp-image-5678\" role=\"presentation\" srcset=\"https:\/\/i0.wp.com\/www.independentpeople.net\/wp-content\/uploads\/2017\/10\/Black-Forest-Germany24.jpg?resize=200%2C133&amp;ssl=1 200w, https:\/\/i0.wp.com\/www.independentpeople.net\/wp-content\/uploads\/2017\/10\/Black-Forest-Germany24.jpg?resize=300%2C199&amp;ssl=1 300w, https:\/\/i0.wp.com\/www.independentpeople.net\/wp-content\/uploads\/2017\/10\/Black-Forest-Germany24.jpg?resize=400%2C266&amp;ssl=1 400w, https:\/\/i0.wp.com\/www.independentpeople.net\/wp-content\/uploads\/2017\/10\/Black-Forest-Germany24.jpg?resize=600%2C398&amp;ssl=1 600w, https:\/\/i0.wp.com\/www.independentpeople.net\/wp-content\/uploads\/2017\/10\/Black-Forest-Germany24.jpg?resize=768%2C510&amp;ssl=1 768w, https:\/\/i0.wp.com\/www.independentpeople.net\/wp-content\/uploads\/2017\/10\/Black-Forest-Germany24.jpg?resize=800%2C531&amp;ssl=1 800w, https:\/\/i0.wp.com\/www.independentpeople.net\/wp-content\/uploads\/2017\/10\/Black-Forest-Germany24.jpg?w=1000&amp;ssl=1 1000w\" sizes=\"(min-width: 2200px) 100vw, (min-width: 713px) 785px, (min-width: 640px) 713px, \" \/>\t\t\t\t\t\t\t\t<\/a>\n\t\t\t\t\t\t\t\t<a style=\"display:none;\" href=\"https:\/\/i0.wp.com\/www.independentpeople.net\/wp-content\/uploads\/2017\/10\/Black-Forest-Germany24.jpg?fit=1000%2C664&#038;ssl=1\" data-rel=\"iLightbox[gallery15229]\"  title=\"\" data-title=\"Black Forest Germany24\" data-caption=\"\">\n\t\t\t\t\t\t\t\t\t\t\t\t\t\t\t\t\t\t\t<img style=\"display:none;\" alt=\"Black Forest, Schwarzwald, For\u00eat Noire\" role=\"presentation\" \/>\n\t\t\t\t\t\t\t\t\t\t\t\t\t\t\t\t\t<\/a>\n\t\t\t\t\t\t\t<\/div>\n\t\t\t\t\t\t<\/li>\n\t\t\t\t\t\t\t\t\t\t\t\t\t\t\t\t\t\t\t\t\t\t\t\t\t\t\t\t\t\t\t\t\t\t\t\t\t\t\t\t\t\t\t\t\t\t\t\t\t\t\t\t\t\t\t\t\t\t\t\t\t\t\t\t\t\t<\/ul>\n\t<\/div>\n\t<div class=\"fusion-post-content-wrapper\" style=\"padding:30px 25px 20px 25px;\"><div class=\"fusion-post-content post-content\"><h2 class=\"blog-shortcode-post-title entry-title\"><a href=\"https:\/\/www.independentpeople.net\/fr\/allemagne\/litineraire-dune-journee-dans-la-foret-noire\/\">L\u2019itin\u00e9raire d\u2019une journ\u00e9e dans la For\u00eat Noire<\/a><\/h2><p class=\"fusion-single-line-meta\"><span class=\"vcard\" style=\"display: none;\"><span class=\"fn\"><a href=\"https:\/\/www.independentpeople.net\/fr\/author\/drakyla1604gmail-com\/\" title=\"Articles par independentpeople\" rel=\"author\">independentpeople<\/a><\/span><\/span><span class=\"updated\" style=\"display:none;\">2020-01-19T12:21:12+00:00<\/span><span>octobre 28th, 2017<\/span><span class=\"fusion-inline-sep\">|<\/span><\/p><\/div><\/div><div class=\"fusion-clearfix\"><\/div><\/div>\n<\/article>\n<article id=\"blog-1-post-15190\" class=\"fusion-post-grid post-15190 post type-post status-publish format-standard has-post-thumbnail hentry category-allemagne category-france category-grand-est category-hiver\">\n<div class=\"fusion-post-wrapper\" style=\"background-color:rgba(255,255,255,1);border:1px solid #e9edef;border-bottom-width:3px;\">\n\n\t\t\t<div class=\"fusion-flexslider flexslider fusion-flexslider-loading fusion-post-slideshow\" style=\"border-color:#e9edef;\">\n\t\t<ul class=\"slides\">\n\t\t\t\n\t\t\t\t\t\t\t\t\t\t\t\t\t\t<li><div  class=\"fusion-image-wrapper\" aria-haspopup=\"true\">\n\t\t\t\t\t\t\t<a href=\"https:\/\/www.independentpeople.net\/fr\/hiver\/pelerinage-aux-marches-de-noel-allemands\/\" aria-label=\"P\u00e8lerinage aux march\u00e9s de No\u00ebl Allemands\">\n\t\t\t\t\t\t\t<img data-recalc-dims=\"1\" decoding=\"async\" loading=\"lazy\" width=\"1000\" height=\"667\" src=\"https:\/\/i0.wp.com\/www.independentpeople.net\/wp-content\/uploads\/2017\/10\/Christmas-Markets-20.jpg?resize=1000%2C667&#038;ssl=1\" class=\"attachment-full size-full wp-post-image\" alt=\"\" srcset=\"https:\/\/i0.wp.com\/www.independentpeople.net\/wp-content\/uploads\/2017\/10\/Christmas-Markets-20.jpg?resize=200%2C133&amp;ssl=1 200w, https:\/\/i0.wp.com\/www.independentpeople.net\/wp-content\/uploads\/2017\/10\/Christmas-Markets-20.jpg?resize=300%2C200&amp;ssl=1 300w, https:\/\/i0.wp.com\/www.independentpeople.net\/wp-content\/uploads\/2017\/10\/Christmas-Markets-20.jpg?resize=400%2C267&amp;ssl=1 400w, https:\/\/i0.wp.com\/www.independentpeople.net\/wp-content\/uploads\/2017\/10\/Christmas-Markets-20.jpg?resize=600%2C400&amp;ssl=1 600w, https:\/\/i0.wp.com\/www.independentpeople.net\/wp-content\/uploads\/2017\/10\/Christmas-Markets-20.jpg?resize=768%2C512&amp;ssl=1 768w, https:\/\/i0.wp.com\/www.independentpeople.net\/wp-content\/uploads\/2017\/10\/Christmas-Markets-20.jpg?resize=800%2C534&amp;ssl=1 800w, https:\/\/i0.wp.com\/www.independentpeople.net\/wp-content\/uploads\/2017\/10\/Christmas-Markets-20.jpg?fit=1000%2C667&amp;ssl=1 1000w\" sizes=\"auto, (min-width: 2200px) 100vw, (min-width: 713px) 785px, (min-width: 640px) 713px, \" \/>\t\t\t<\/a>\n\t\t\t\t\t\t\t<\/div>\n<\/li>\n\t\t\t\n\t\t\t\n\t\t\t\t\t\t\t\t\t\t\t\n\t\t\t\t\t\n\t\t\t\t\t\t\t\t\t\t\t<li>\n\t\t\t\t\t\t\t<div class=\"fusion-image-wrapper\">\n\t\t\t\t\t\t\t\t<a href=\"https:\/\/www.independentpeople.net\/fr\/hiver\/pelerinage-aux-marches-de-noel-allemands\/\" aria-label=\"P\u00e8lerinage aux march\u00e9s de No\u00ebl Allemands\">\n\t\t\t\t\t\t\t\t\t<img data-recalc-dims=\"1\" decoding=\"async\" width=\"1000\" height=\"667\" src=\"https:\/\/i0.wp.com\/www.independentpeople.net\/wp-content\/uploads\/2017\/10\/Christmas-Markets-01.jpg?resize=1000%2C667&#038;ssl=1\" alt=\"\" class=\"wp-image-15202\" role=\"presentation\" srcset=\"https:\/\/i0.wp.com\/www.independentpeople.net\/wp-content\/uploads\/2017\/10\/Christmas-Markets-01.jpg?resize=200%2C133&amp;ssl=1 200w, https:\/\/i0.wp.com\/www.independentpeople.net\/wp-content\/uploads\/2017\/10\/Christmas-Markets-01.jpg?resize=300%2C200&amp;ssl=1 300w, https:\/\/i0.wp.com\/www.independentpeople.net\/wp-content\/uploads\/2017\/10\/Christmas-Markets-01.jpg?resize=400%2C267&amp;ssl=1 400w, https:\/\/i0.wp.com\/www.independentpeople.net\/wp-content\/uploads\/2017\/10\/Christmas-Markets-01.jpg?resize=600%2C400&amp;ssl=1 600w, https:\/\/i0.wp.com\/www.independentpeople.net\/wp-content\/uploads\/2017\/10\/Christmas-Markets-01.jpg?resize=768%2C512&amp;ssl=1 768w, https:\/\/i0.wp.com\/www.independentpeople.net\/wp-content\/uploads\/2017\/10\/Christmas-Markets-01.jpg?resize=800%2C534&amp;ssl=1 800w, https:\/\/i0.wp.com\/www.independentpeople.net\/wp-content\/uploads\/2017\/10\/Christmas-Markets-01.jpg?w=1000&amp;ssl=1 1000w\" sizes=\"(min-width: 2200px) 100vw, (min-width: 713px) 785px, (min-width: 640px) 713px, \" \/>\t\t\t\t\t\t\t\t<\/a>\n\t\t\t\t\t\t\t\t<a style=\"display:none;\" href=\"https:\/\/i0.wp.com\/www.independentpeople.net\/wp-content\/uploads\/2017\/10\/Christmas-Markets-01.jpg?fit=1000%2C667&#038;ssl=1\" data-rel=\"iLightbox[gallery15190]\"  title=\"\" data-title=\"Christmas Markets-01\" data-caption=\"\">\n\t\t\t\t\t\t\t\t\t\t\t\t\t\t\t\t\t<\/a>\n\t\t\t\t\t\t\t<\/div>\n\t\t\t\t\t\t<\/li>\n\t\t\t\t\t\t\t\t\t\t\t\t\t\t\t\t\t\t\t\t\t\t\t\t\t\t\t\t\t\t\t\t\t\t\t\t\t\t\t\t\t\t\t\t\t\t\t\t\t\t\t\t\t\t\t\t\t\t\t\t\t\t\t\t\t\t<\/ul>\n\t<\/div>\n\t<div class=\"fusion-post-content-wrapper\" style=\"padding:30px 25px 20px 25px;\"><div class=\"fusion-post-content post-content\"><h2 class=\"blog-shortcode-post-title entry-title\"><a href=\"https:\/\/www.independentpeople.net\/fr\/hiver\/pelerinage-aux-marches-de-noel-allemands\/\">P\u00e8lerinage aux march\u00e9s de No\u00ebl Allemands<\/a><\/h2><p class=\"fusion-single-line-meta\"><span class=\"vcard\" style=\"display: none;\"><span class=\"fn\"><a href=\"https:\/\/www.independentpeople.net\/fr\/author\/drakyla1604gmail-com\/\" title=\"Articles par independentpeople\" rel=\"author\">independentpeople<\/a><\/span><\/span><span class=\"updated\" style=\"display:none;\">2020-01-19T12:21:31+00:00<\/span><span>octobre 16th, 2017<\/span><span class=\"fusion-inline-sep\">|<\/span><\/p><\/div><\/div><div class=\"fusion-clearfix\"><\/div><\/div>\n<\/article>\n<article id=\"blog-1-post-13872\" class=\"fusion-post-grid post-13872 post type-post status-publish format-standard has-post-thumbnail hentry category-allemagne category-danemark category-france category-italie tag-allemagne\">\n<div class=\"fusion-post-wrapper\" style=\"background-color:rgba(255,255,255,1);border:1px solid #e9edef;border-bottom-width:3px;\">\n\n\t\t\t<div class=\"fusion-flexslider flexslider fusion-flexslider-loading fusion-post-slideshow\" style=\"border-color:#e9edef;\">\n\t\t<ul class=\"slides\">\n\t\t\t\n\t\t\t\t\t\t\t\t\t\t\t\t\t\t<li><div  class=\"fusion-image-wrapper\" aria-haspopup=\"true\">\n\t\t\t\t\t\t\t<a href=\"https:\/\/www.independentpeople.net\/fr\/danemark\/voyage-en-train-avec-interrail-5-pays-en-10-jours\/\" aria-label=\"Voyage en train avec Interrail : 5 pays en 10 jours\">\n\t\t\t\t\t\t\t<img data-recalc-dims=\"1\" decoding=\"async\" loading=\"lazy\" width=\"1500\" height=\"994\" src=\"https:\/\/i0.wp.com\/www.independentpeople.net\/wp-content\/uploads\/2016\/04\/Train-Trip-7-1.jpg?resize=1500%2C994&#038;ssl=1\" class=\"attachment-full size-full wp-post-image\" alt=\"\" srcset=\"https:\/\/i0.wp.com\/www.independentpeople.net\/wp-content\/uploads\/2016\/04\/Train-Trip-7-1.jpg?resize=200%2C133&amp;ssl=1 200w, https:\/\/i0.wp.com\/www.independentpeople.net\/wp-content\/uploads\/2016\/04\/Train-Trip-7-1.jpg?resize=300%2C199&amp;ssl=1 300w, https:\/\/i0.wp.com\/www.independentpeople.net\/wp-content\/uploads\/2016\/04\/Train-Trip-7-1.jpg?resize=400%2C265&amp;ssl=1 400w, https:\/\/i0.wp.com\/www.independentpeople.net\/wp-content\/uploads\/2016\/04\/Train-Trip-7-1.jpg?resize=600%2C398&amp;ssl=1 600w, https:\/\/i0.wp.com\/www.independentpeople.net\/wp-content\/uploads\/2016\/04\/Train-Trip-7-1.jpg?resize=768%2C509&amp;ssl=1 768w, https:\/\/i0.wp.com\/www.independentpeople.net\/wp-content\/uploads\/2016\/04\/Train-Trip-7-1.jpg?resize=800%2C530&amp;ssl=1 800w, https:\/\/i0.wp.com\/www.independentpeople.net\/wp-content\/uploads\/2016\/04\/Train-Trip-7-1.jpg?resize=1024%2C679&amp;ssl=1 1024w, https:\/\/i0.wp.com\/www.independentpeople.net\/wp-content\/uploads\/2016\/04\/Train-Trip-7-1.jpg?resize=1200%2C795&amp;ssl=1 1200w, https:\/\/i0.wp.com\/www.independentpeople.net\/wp-content\/uploads\/2016\/04\/Train-Trip-7-1.jpg?fit=1500%2C994&amp;ssl=1 1500w\" sizes=\"auto, (min-width: 2200px) 100vw, (min-width: 713px) 785px, (min-width: 640px) 713px, \" \/>\t\t\t<\/a>\n\t\t\t\t\t\t\t<\/div>\n<\/li>\n\t\t\t\n\t\t\t\n\t\t\t\t\t\t\t\t\t\t\t\n\t\t\t\t\t\n\t\t\t\t\t\t\t\t\t\t\t<li>\n\t\t\t\t\t\t\t<div class=\"fusion-image-wrapper\">\n\t\t\t\t\t\t\t\t<a href=\"https:\/\/www.independentpeople.net\/fr\/danemark\/voyage-en-train-avec-interrail-5-pays-en-10-jours\/\" aria-label=\"Voyage en train avec Interrail : 5 pays en 10 jours\">\n\t\t\t\t\t\t\t\t\t<img data-recalc-dims=\"1\" decoding=\"async\" width=\"1500\" height=\"996\" src=\"https:\/\/i0.wp.com\/www.independentpeople.net\/wp-content\/uploads\/2016\/04\/Train-Trip-5-1.jpg?resize=1500%2C996&#038;ssl=1\" alt=\"\" class=\"wp-image-13883\" role=\"presentation\" srcset=\"https:\/\/i0.wp.com\/www.independentpeople.net\/wp-content\/uploads\/2016\/04\/Train-Trip-5-1.jpg?resize=200%2C133&amp;ssl=1 200w, https:\/\/i0.wp.com\/www.independentpeople.net\/wp-content\/uploads\/2016\/04\/Train-Trip-5-1.jpg?resize=300%2C199&amp;ssl=1 300w, https:\/\/i0.wp.com\/www.independentpeople.net\/wp-content\/uploads\/2016\/04\/Train-Trip-5-1.jpg?resize=400%2C266&amp;ssl=1 400w, https:\/\/i0.wp.com\/www.independentpeople.net\/wp-content\/uploads\/2016\/04\/Train-Trip-5-1.jpg?resize=600%2C398&amp;ssl=1 600w, https:\/\/i0.wp.com\/www.independentpeople.net\/wp-content\/uploads\/2016\/04\/Train-Trip-5-1.jpg?resize=768%2C510&amp;ssl=1 768w, https:\/\/i0.wp.com\/www.independentpeople.net\/wp-content\/uploads\/2016\/04\/Train-Trip-5-1.jpg?resize=800%2C531&amp;ssl=1 800w, https:\/\/i0.wp.com\/www.independentpeople.net\/wp-content\/uploads\/2016\/04\/Train-Trip-5-1.jpg?resize=1024%2C680&amp;ssl=1 1024w, https:\/\/i0.wp.com\/www.independentpeople.net\/wp-content\/uploads\/2016\/04\/Train-Trip-5-1.jpg?resize=1200%2C797&amp;ssl=1 1200w, https:\/\/i0.wp.com\/www.independentpeople.net\/wp-content\/uploads\/2016\/04\/Train-Trip-5-1.jpg?w=1500&amp;ssl=1 1500w\" sizes=\"(min-width: 2200px) 100vw, (min-width: 713px) 785px, (min-width: 640px) 713px, \" \/>\t\t\t\t\t\t\t\t<\/a>\n\t\t\t\t\t\t\t\t<a style=\"display:none;\" href=\"https:\/\/i0.wp.com\/www.independentpeople.net\/wp-content\/uploads\/2016\/04\/Train-Trip-5-1.jpg?fit=1500%2C996&#038;ssl=1\" data-rel=\"iLightbox[gallery13872]\"  title=\"\" data-title=\"Train Trip-5\" data-caption=\"\">\n\t\t\t\t\t\t\t\t\t\t\t\t\t\t\t\t\t<\/a>\n\t\t\t\t\t\t\t<\/div>\n\t\t\t\t\t\t<\/li>\n\t\t\t\t\t\t\t\t\t\t\t\t\t\t\t\t\t\t\t\t\t\t\t\t\t\t\t\t\t\t\t\t\t\t\t\t\t\t\t\t\t\t\t\t\t\t\t\t\t\t\t\t\t\t\t\t\t\t\t\t\t\t\t\t\t\t<\/ul>\n\t<\/div>\n\t<div class=\"fusion-post-content-wrapper\" style=\"padding:30px 25px 20px 25px;\"><div class=\"fusion-post-content post-content\"><h2 class=\"blog-shortcode-post-title entry-title\"><a href=\"https:\/\/www.independentpeople.net\/fr\/danemark\/voyage-en-train-avec-interrail-5-pays-en-10-jours\/\">Voyage en train avec Interrail : 5 pays en 10 jours<\/a><\/h2><p class=\"fusion-single-line-meta\"><span class=\"vcard\" style=\"display: none;\"><span class=\"fn\"><a href=\"https:\/\/www.independentpeople.net\/fr\/author\/drakyla1604gmail-com\/\" title=\"Articles par independentpeople\" rel=\"author\">independentpeople<\/a><\/span><\/span><span class=\"updated\" style=\"display:none;\">2020-01-19T17:20:02+00:00<\/span><span>avril 27th, 2016<\/span><span class=\"fusion-inline-sep\">|<\/span><\/p><\/div><\/div><div class=\"fusion-clearfix\"><\/div><\/div>\n<\/article>\n<div class=\"fusion-clearfix\"><\/div><\/div><\/div><div class=\"fusion-clearfix\"><\/div><\/div><\/div><\/div><\/div>\n<p><a href=\"\/\/www.pinterest.com\/pin\/create\/button\/\" data-pin-do=\"buttonBookmark\" data-pin-color=\"red\" data-pin-height=\"128\"><img data-recalc-dims=\"1\" decoding=\"async\" loading=\"lazy\" src=\"https:\/\/i0.wp.com\/assets.pinterest.com\/images\/pidgets\/pinit_fg_en_rect_red_28.png?w=1500\" \/><\/a><\/p>","protected":false},"excerpt":{"rendered":"","protected":false},"author":1,"featured_media":0,"parent":0,"menu_order":0,"comment_status":"closed","ping_status":"closed","template":"","meta":{"nf_dc_page":"","footnotes":""},"class_list":["post-12935","page","type-page","status-publish","hentry"],"aioseo_notices":[],"jetpack_sharing_enabled":true,"jetpack_shortlink":"https:\/\/wp.me\/P78Bh7-3mD","_links":{"self":[{"href":"https:\/\/www.independentpeople.net\/fr\/wp-json\/wp\/v2\/pages\/12935","targetHints":{"allow":["GET"]}}],"collection":[{"href":"https:\/\/www.independentpeople.net\/fr\/wp-json\/wp\/v2\/pages"}],"about":[{"href":"https:\/\/www.independentpeople.net\/fr\/wp-json\/wp\/v2\/types\/page"}],"author":[{"embeddable":true,"href":"https:\/\/www.independentpeople.net\/fr\/wp-json\/wp\/v2\/users\/1"}],"replies":[{"embeddable":true,"href":"https:\/\/www.independentpeople.net\/fr\/wp-json\/wp\/v2\/comments?post=12935"}],"version-history":[{"count":3,"href":"https:\/\/www.independentpeople.net\/fr\/wp-json\/wp\/v2\/pages\/12935\/revisions"}],"predecessor-version":[{"id":24915,"href":"https:\/\/www.independentpeople.net\/fr\/wp-json\/wp\/v2\/pages\/12935\/revisions\/24915"}],"wp:attachment":[{"href":"https:\/\/www.independentpeople.net\/fr\/wp-json\/wp\/v2\/media?parent=12935"}],"curies":[{"name":"wp","href":"https:\/\/api.w.org\/{rel}","templated":true}]}}