{"id":12939,"date":"2018-06-28T14:30:44","date_gmt":"2018-06-28T14:30:44","guid":{"rendered":"http:\/\/www.independentpeople.net\/malte\/"},"modified":"2023-08-03T09:43:44","modified_gmt":"2023-08-03T09:43:44","slug":"malte","status":"publish","type":"page","link":"https:\/\/www.independentpeople.net\/fr\/malte\/","title":{"rendered":"Malte"},"content":{"rendered":"<div class=\"fusion-fullwidth fullwidth-box fusion-builder-row-1 nonhundred-percent-fullwidth non-hundred-percent-height-scrolling\" style=\"--awb-border-radius-top-left:0px;--awb-border-radius-top-right:0px;--awb-border-radius-bottom-right:0px;--awb-border-radius-bottom-left:0px;--awb-flex-wrap:wrap;\" ><div class=\"fusion-builder-row fusion-row\"><div class=\"fusion-layout-column fusion_builder_column fusion-builder-column-0 fusion_builder_column_1_1 1_1 fusion-one-full fusion-column-first fusion-column-last\" style=\"--awb-bg-size:cover;\"><div class=\"fusion-column-wrapper fusion-column-has-shadow fusion-flex-column-wrapper-legacy\"><div class=\"fusion-blog-shortcode fusion-blog-shortcode-1 fusion-blog-archive fusion-blog-layout-grid-wrapper fusion-blog-no\"><style type=\"text\/css\">.fusion-blog-shortcode-1 .fusion-blog-layout-grid .fusion-post-grid{padding:20px;}.fusion-blog-shortcode-1 .fusion-posts-container{margin-left: -20px !important; margin-right:-20px !important;}<\/style><div class=\"fusion-posts-container fusion-posts-container-no fusion-blog-layout-grid fusion-blog-layout-grid-2 isotope\" data-pages=\"0\" data-grid-col-space=\"40\" style=\"margin: -20px -20px 0;min-height:500px;\"><article id=\"blog-1-post-15681\" class=\"fusion-post-grid post-15681 post type-post status-publish format-standard has-post-thumbnail hentry category-malte\">\n<div class=\"fusion-post-wrapper\" style=\"background-color:rgba(255,255,255,1);border:1px solid #e9edef;border-bottom-width:3px;\">\n\n\t\t\t<div class=\"fusion-flexslider flexslider fusion-flexslider-loading fusion-post-slideshow\" style=\"border-color:#e9edef;\">\n\t\t<ul class=\"slides\">\n\t\t\t\n\t\t\t\t\t\t\t\t\t\t\t\t\t\t<li><div  class=\"fusion-image-wrapper\" aria-haspopup=\"true\">\n\t\t\t\t\t\t\t<a href=\"https:\/\/www.independentpeople.net\/fr\/malte\/7-raisons-daimer-malte\/\" aria-label=\"7 raisons d&#8217;aimer Malte\">\n\t\t\t\t\t\t\t<img data-recalc-dims=\"1\" decoding=\"async\" loading=\"lazy\" width=\"1500\" height=\"1000\" src=\"https:\/\/i0.wp.com\/www.independentpeople.net\/wp-content\/uploads\/2018\/08\/reasons-to-love-malta-12.jpg?resize=1500%2C1000&#038;ssl=1\" class=\"attachment-full size-full wp-post-image\" alt=\"\" srcset=\"https:\/\/i0.wp.com\/www.independentpeople.net\/wp-content\/uploads\/2018\/08\/reasons-to-love-malta-12.jpg?resize=200%2C133&amp;ssl=1 200w, https:\/\/i0.wp.com\/www.independentpeople.net\/wp-content\/uploads\/2018\/08\/reasons-to-love-malta-12.jpg?resize=300%2C200&amp;ssl=1 300w, https:\/\/i0.wp.com\/www.independentpeople.net\/wp-content\/uploads\/2018\/08\/reasons-to-love-malta-12.jpg?resize=400%2C267&amp;ssl=1 400w, https:\/\/i0.wp.com\/www.independentpeople.net\/wp-content\/uploads\/2018\/08\/reasons-to-love-malta-12.jpg?resize=600%2C400&amp;ssl=1 600w, https:\/\/i0.wp.com\/www.independentpeople.net\/wp-content\/uploads\/2018\/08\/reasons-to-love-malta-12.jpg?resize=640%2C427&amp;ssl=1 640w, https:\/\/i0.wp.com\/www.independentpeople.net\/wp-content\/uploads\/2018\/08\/reasons-to-love-malta-12.jpg?resize=768%2C512&amp;ssl=1 768w, https:\/\/i0.wp.com\/www.independentpeople.net\/wp-content\/uploads\/2018\/08\/reasons-to-love-malta-12.jpg?resize=800%2C533&amp;ssl=1 800w, https:\/\/i0.wp.com\/www.independentpeople.net\/wp-content\/uploads\/2018\/08\/reasons-to-love-malta-12.jpg?resize=1200%2C800&amp;ssl=1 1200w, https:\/\/i0.wp.com\/www.independentpeople.net\/wp-content\/uploads\/2018\/08\/reasons-to-love-malta-12.jpg?fit=1500%2C1000&amp;ssl=1 1500w\" sizes=\"auto, (min-width: 2200px) 100vw, (min-width: 713px) 785px, (min-width: 640px) 713px, \" \/>\t\t\t<\/a>\n\t\t\t\t\t\t\t<\/div>\n<\/li>\n\t\t\t\n\t\t\t\n\t\t\t\t\t\t\t\t\t\t\t\n\t\t\t\t\t\n\t\t\t\t\t\t\t\t\t\t\t<li>\n\t\t\t\t\t\t\t<div class=\"fusion-image-wrapper\">\n\t\t\t\t\t\t\t\t<a href=\"https:\/\/www.independentpeople.net\/fr\/malte\/7-raisons-daimer-malte\/\" aria-label=\"7 raisons d&#8217;aimer Malte\">\n\t\t\t\t\t\t\t\t\t<img data-recalc-dims=\"1\" decoding=\"async\" width=\"1500\" height=\"1000\" src=\"https:\/\/i0.wp.com\/www.independentpeople.net\/wp-content\/uploads\/2018\/08\/reasons-to-love-malta-20.jpg?resize=1500%2C1000&#038;ssl=1\" alt=\"[:en]Gozo, Malta[:fr]Gozo, Malte[:]\" class=\"wp-image-7402\" role=\"presentation\" srcset=\"https:\/\/i0.wp.com\/www.independentpeople.net\/wp-content\/uploads\/2018\/08\/reasons-to-love-malta-20.jpg?resize=200%2C133&amp;ssl=1 200w, https:\/\/i0.wp.com\/www.independentpeople.net\/wp-content\/uploads\/2018\/08\/reasons-to-love-malta-20.jpg?resize=300%2C200&amp;ssl=1 300w, https:\/\/i0.wp.com\/www.independentpeople.net\/wp-content\/uploads\/2018\/08\/reasons-to-love-malta-20.jpg?resize=400%2C267&amp;ssl=1 400w, https:\/\/i0.wp.com\/www.independentpeople.net\/wp-content\/uploads\/2018\/08\/reasons-to-love-malta-20.jpg?resize=600%2C400&amp;ssl=1 600w, https:\/\/i0.wp.com\/www.independentpeople.net\/wp-content\/uploads\/2018\/08\/reasons-to-love-malta-20.jpg?resize=640%2C427&amp;ssl=1 640w, https:\/\/i0.wp.com\/www.independentpeople.net\/wp-content\/uploads\/2018\/08\/reasons-to-love-malta-20.jpg?resize=768%2C512&amp;ssl=1 768w, https:\/\/i0.wp.com\/www.independentpeople.net\/wp-content\/uploads\/2018\/08\/reasons-to-love-malta-20.jpg?resize=800%2C533&amp;ssl=1 800w, https:\/\/i0.wp.com\/www.independentpeople.net\/wp-content\/uploads\/2018\/08\/reasons-to-love-malta-20.jpg?resize=1200%2C800&amp;ssl=1 1200w, https:\/\/i0.wp.com\/www.independentpeople.net\/wp-content\/uploads\/2018\/08\/reasons-to-love-malta-20.jpg?w=1500&amp;ssl=1 1500w\" sizes=\"(min-width: 2200px) 100vw, (min-width: 713px) 785px, (min-width: 640px) 713px, \" \/>\t\t\t\t\t\t\t\t<\/a>\n\t\t\t\t\t\t\t\t<a style=\"display:none;\" href=\"https:\/\/i0.wp.com\/www.independentpeople.net\/wp-content\/uploads\/2018\/08\/reasons-to-love-malta-20.jpg?fit=1500%2C1000&#038;ssl=1\" data-rel=\"iLightbox[gallery15681]\"  title=\"\" data-title=\"reasons-to-love-malta-20\" data-caption=\"\">\n\t\t\t\t\t\t\t\t\t\t\t\t\t\t\t\t\t\t\t<img style=\"display:none;\" alt=\"[:en]Gozo, Malta[:fr]Gozo, Malte[:]\" role=\"presentation\" \/>\n\t\t\t\t\t\t\t\t\t\t\t\t\t\t\t\t\t<\/a>\n\t\t\t\t\t\t\t<\/div>\n\t\t\t\t\t\t<\/li>\n\t\t\t\t\t\t\t\t\t\t\t\t\t\t\t\t\t\t\t\t\t\t\t\t\t\t\t\t\t\t\t\t\t\t\t\t\t\t\t\t\t\t\t\t\t\t\t\t\t\t\t\t\t\t\t\t\t\t\t\t\t\t\t\t\t\t<\/ul>\n\t<\/div>\n\t<div class=\"fusion-post-content-wrapper\" style=\"padding:30px 25px 20px 25px;\"><div class=\"fusion-post-content post-content\"><h2 class=\"blog-shortcode-post-title entry-title\"><a href=\"https:\/\/www.independentpeople.net\/fr\/malte\/7-raisons-daimer-malte\/\">7 raisons d&#8217;aimer Malte<\/a><\/h2><p class=\"fusion-single-line-meta\"><span class=\"vcard\" style=\"display: none;\"><span class=\"fn\"><a href=\"https:\/\/www.independentpeople.net\/fr\/author\/drakyla1604gmail-com\/\" title=\"Articles par independentpeople\" rel=\"author\">independentpeople<\/a><\/span><\/span><span class=\"updated\" style=\"display:none;\">2020-02-02T08:58:49+00:00<\/span><span>ao\u00fbt 6th, 2018<\/span><span class=\"fusion-inline-sep\">|<\/span><\/p><\/div><\/div><div class=\"fusion-clearfix\"><\/div><\/div>\n<\/article>\n<article id=\"blog-1-post-15663\" class=\"fusion-post-grid post-15663 post type-post status-publish format-standard has-post-thumbnail hentry category-malte\">\n<div class=\"fusion-post-wrapper\" style=\"background-color:rgba(255,255,255,1);border:1px solid #e9edef;border-bottom-width:3px;\">\n\n\t\t\t<div class=\"fusion-flexslider flexslider fusion-flexslider-loading fusion-post-slideshow\" style=\"border-color:#e9edef;\">\n\t\t<ul class=\"slides\">\n\t\t\t\n\t\t\t\t\t\t\t\t\t\t\t\t\t\t<li><div  class=\"fusion-image-wrapper\" aria-haspopup=\"true\">\n\t\t\t\t\t\t\t<a href=\"https:\/\/www.independentpeople.net\/fr\/malte\/nos-8-endroits-preferes-de-la-valette-malte\/\" aria-label=\"Nos 8 endroits pr\u00e9f\u00e9r\u00e9s de La Valette, Malte\">\n\t\t\t\t\t\t\t<img data-recalc-dims=\"1\" decoding=\"async\" loading=\"lazy\" width=\"1500\" height=\"1000\" src=\"https:\/\/i0.wp.com\/www.independentpeople.net\/wp-content\/uploads\/2018\/08\/valletta_malta-23.jpg?resize=1500%2C1000&#038;ssl=1\" class=\"attachment-full size-full wp-post-image\" alt=\"\" srcset=\"https:\/\/i0.wp.com\/www.independentpeople.net\/wp-content\/uploads\/2018\/08\/valletta_malta-23.jpg?resize=200%2C133&amp;ssl=1 200w, https:\/\/i0.wp.com\/www.independentpeople.net\/wp-content\/uploads\/2018\/08\/valletta_malta-23.jpg?resize=300%2C200&amp;ssl=1 300w, https:\/\/i0.wp.com\/www.independentpeople.net\/wp-content\/uploads\/2018\/08\/valletta_malta-23.jpg?resize=400%2C267&amp;ssl=1 400w, https:\/\/i0.wp.com\/www.independentpeople.net\/wp-content\/uploads\/2018\/08\/valletta_malta-23.jpg?resize=600%2C400&amp;ssl=1 600w, https:\/\/i0.wp.com\/www.independentpeople.net\/wp-content\/uploads\/2018\/08\/valletta_malta-23.jpg?resize=640%2C427&amp;ssl=1 640w, https:\/\/i0.wp.com\/www.independentpeople.net\/wp-content\/uploads\/2018\/08\/valletta_malta-23.jpg?resize=768%2C512&amp;ssl=1 768w, https:\/\/i0.wp.com\/www.independentpeople.net\/wp-content\/uploads\/2018\/08\/valletta_malta-23.jpg?resize=800%2C533&amp;ssl=1 800w, https:\/\/i0.wp.com\/www.independentpeople.net\/wp-content\/uploads\/2018\/08\/valletta_malta-23.jpg?resize=1200%2C800&amp;ssl=1 1200w, https:\/\/i0.wp.com\/www.independentpeople.net\/wp-content\/uploads\/2018\/08\/valletta_malta-23.jpg?fit=1500%2C1000&amp;ssl=1 1500w\" sizes=\"auto, (min-width: 2200px) 100vw, (min-width: 713px) 785px, (min-width: 640px) 713px, \" \/>\t\t\t<\/a>\n\t\t\t\t\t\t\t<\/div>\n<\/li>\n\t\t\t\n\t\t\t\n\t\t\t\t\t\t\t\t\t\t\t\n\t\t\t\t\t\n\t\t\t\t\t\t\t\t\t\t\t<li>\n\t\t\t\t\t\t\t<div class=\"fusion-image-wrapper\">\n\t\t\t\t\t\t\t\t<a href=\"https:\/\/www.independentpeople.net\/fr\/malte\/nos-8-endroits-preferes-de-la-valette-malte\/\" aria-label=\"Nos 8 endroits pr\u00e9f\u00e9r\u00e9s de La Valette, Malte\">\n\t\t\t\t\t\t\t\t\t<img data-recalc-dims=\"1\" decoding=\"async\" width=\"1500\" height=\"1000\" src=\"https:\/\/i0.wp.com\/www.independentpeople.net\/wp-content\/uploads\/2018\/08\/valletta_malta-3.jpg?resize=1500%2C1000&#038;ssl=1\" alt=\"[:en]Valletta, Malta[:fr]malte la valette[:]\" class=\"wp-image-7325\" role=\"presentation\" srcset=\"https:\/\/i0.wp.com\/www.independentpeople.net\/wp-content\/uploads\/2018\/08\/valletta_malta-3.jpg?resize=200%2C133&amp;ssl=1 200w, https:\/\/i0.wp.com\/www.independentpeople.net\/wp-content\/uploads\/2018\/08\/valletta_malta-3.jpg?resize=300%2C200&amp;ssl=1 300w, https:\/\/i0.wp.com\/www.independentpeople.net\/wp-content\/uploads\/2018\/08\/valletta_malta-3.jpg?resize=400%2C267&amp;ssl=1 400w, https:\/\/i0.wp.com\/www.independentpeople.net\/wp-content\/uploads\/2018\/08\/valletta_malta-3.jpg?resize=600%2C400&amp;ssl=1 600w, https:\/\/i0.wp.com\/www.independentpeople.net\/wp-content\/uploads\/2018\/08\/valletta_malta-3.jpg?resize=640%2C427&amp;ssl=1 640w, https:\/\/i0.wp.com\/www.independentpeople.net\/wp-content\/uploads\/2018\/08\/valletta_malta-3.jpg?resize=768%2C512&amp;ssl=1 768w, https:\/\/i0.wp.com\/www.independentpeople.net\/wp-content\/uploads\/2018\/08\/valletta_malta-3.jpg?resize=800%2C533&amp;ssl=1 800w, https:\/\/i0.wp.com\/www.independentpeople.net\/wp-content\/uploads\/2018\/08\/valletta_malta-3.jpg?resize=1200%2C800&amp;ssl=1 1200w, https:\/\/i0.wp.com\/www.independentpeople.net\/wp-content\/uploads\/2018\/08\/valletta_malta-3.jpg?w=1500&amp;ssl=1 1500w\" sizes=\"(min-width: 2200px) 100vw, (min-width: 713px) 785px, (min-width: 640px) 713px, \" \/>\t\t\t\t\t\t\t\t<\/a>\n\t\t\t\t\t\t\t\t<a style=\"display:none;\" href=\"https:\/\/i0.wp.com\/www.independentpeople.net\/wp-content\/uploads\/2018\/08\/valletta_malta-3.jpg?fit=1500%2C1000&#038;ssl=1\" data-rel=\"iLightbox[gallery15663]\"  title=\"\" data-title=\"valletta_malta-3\" data-caption=\"\">\n\t\t\t\t\t\t\t\t\t\t\t\t\t\t\t\t\t\t\t<img style=\"display:none;\" alt=\"[:en]Valletta, Malta[:fr]malte la valette[:]\" role=\"presentation\" \/>\n\t\t\t\t\t\t\t\t\t\t\t\t\t\t\t\t\t<\/a>\n\t\t\t\t\t\t\t<\/div>\n\t\t\t\t\t\t<\/li>\n\t\t\t\t\t\t\t\t\t\t\t\t\t\t\t\t\t\t\t\t\t\t\t\t\t\t\t\t\t\t\t\t\t\t\t\t\t\t\t\t\t\t\t\t\t\t\t\t\t\t\t\t\t\t\t\t\t\t\t\t\t\t\t\t\t\t<\/ul>\n\t<\/div>\n\t<div class=\"fusion-post-content-wrapper\" style=\"padding:30px 25px 20px 25px;\"><div class=\"fusion-post-content post-content\"><h2 class=\"blog-shortcode-post-title entry-title\"><a href=\"https:\/\/www.independentpeople.net\/fr\/malte\/nos-8-endroits-preferes-de-la-valette-malte\/\">Nos 8 endroits pr\u00e9f\u00e9r\u00e9s de La Valette, Malte<\/a><\/h2><p class=\"fusion-single-line-meta\"><span class=\"vcard\" style=\"display: none;\"><span class=\"fn\"><a href=\"https:\/\/www.independentpeople.net\/fr\/author\/drakyla1604gmail-com\/\" title=\"Articles par independentpeople\" rel=\"author\">independentpeople<\/a><\/span><\/span><span class=\"updated\" style=\"display:none;\">2020-02-02T09:02:22+00:00<\/span><span>ao\u00fbt 4th, 2018<\/span><span class=\"fusion-inline-sep\">|<\/span><\/p><\/div><\/div><div class=\"fusion-clearfix\"><\/div><\/div>\n<\/article>\n<article id=\"blog-1-post-15648\" class=\"fusion-post-grid post-15648 post type-post status-publish format-standard has-post-thumbnail hentry category-malte category-une-journee-a\">\n<div class=\"fusion-post-wrapper\" style=\"background-color:rgba(255,255,255,1);border:1px solid #e9edef;border-bottom-width:3px;\">\n\n\t\t\t<div class=\"fusion-flexslider flexslider fusion-flexslider-loading fusion-post-slideshow\" style=\"border-color:#e9edef;\">\n\t\t<ul class=\"slides\">\n\t\t\t\n\t\t\t\t\t\t\t\t\t\t\t\t\t\t<li><div  class=\"fusion-image-wrapper\" aria-haspopup=\"true\">\n\t\t\t\t\t\t\t<a href=\"https:\/\/www.independentpeople.net\/fr\/une-journee-a\/comment-passer-une-journee-a-gozo-malte\/\" aria-label=\"Comment passer une journ\u00e9e \u00e0 Gozo, Malte\">\n\t\t\t\t\t\t\t<img data-recalc-dims=\"1\" decoding=\"async\" loading=\"lazy\" width=\"1500\" height=\"1000\" src=\"https:\/\/i0.wp.com\/www.independentpeople.net\/wp-content\/uploads\/2018\/07\/malta-guide-itinerary29.jpg?resize=1500%2C1000&#038;ssl=1\" class=\"attachment-full size-full wp-post-image\" alt=\"\" srcset=\"https:\/\/i0.wp.com\/www.independentpeople.net\/wp-content\/uploads\/2018\/07\/malta-guide-itinerary29.jpg?resize=200%2C133&amp;ssl=1 200w, https:\/\/i0.wp.com\/www.independentpeople.net\/wp-content\/uploads\/2018\/07\/malta-guide-itinerary29.jpg?resize=300%2C200&amp;ssl=1 300w, https:\/\/i0.wp.com\/www.independentpeople.net\/wp-content\/uploads\/2018\/07\/malta-guide-itinerary29.jpg?resize=400%2C267&amp;ssl=1 400w, https:\/\/i0.wp.com\/www.independentpeople.net\/wp-content\/uploads\/2018\/07\/malta-guide-itinerary29.jpg?resize=600%2C400&amp;ssl=1 600w, https:\/\/i0.wp.com\/www.independentpeople.net\/wp-content\/uploads\/2018\/07\/malta-guide-itinerary29.jpg?resize=640%2C427&amp;ssl=1 640w, https:\/\/i0.wp.com\/www.independentpeople.net\/wp-content\/uploads\/2018\/07\/malta-guide-itinerary29.jpg?resize=768%2C512&amp;ssl=1 768w, https:\/\/i0.wp.com\/www.independentpeople.net\/wp-content\/uploads\/2018\/07\/malta-guide-itinerary29.jpg?resize=800%2C533&amp;ssl=1 800w, https:\/\/i0.wp.com\/www.independentpeople.net\/wp-content\/uploads\/2018\/07\/malta-guide-itinerary29.jpg?resize=1200%2C800&amp;ssl=1 1200w, https:\/\/i0.wp.com\/www.independentpeople.net\/wp-content\/uploads\/2018\/07\/malta-guide-itinerary29.jpg?fit=1500%2C1000&amp;ssl=1 1500w\" sizes=\"auto, (min-width: 2200px) 100vw, (min-width: 713px) 785px, (min-width: 640px) 713px, \" \/>\t\t\t<\/a>\n\t\t\t\t\t\t\t<\/div>\n<\/li>\n\t\t\t\n\t\t\t\n\t\t\t\t\t\t\t\t\t\t\t\n\t\t\t\t\t\n\t\t\t\t\t\t\t\t\t\t\t<li>\n\t\t\t\t\t\t\t<div class=\"fusion-image-wrapper\">\n\t\t\t\t\t\t\t\t<a href=\"https:\/\/www.independentpeople.net\/fr\/une-journee-a\/comment-passer-une-journee-a-gozo-malte\/\" aria-label=\"Comment passer une journ\u00e9e \u00e0 Gozo, Malte\">\n\t\t\t\t\t\t\t\t\t<img data-recalc-dims=\"1\" decoding=\"async\" width=\"1500\" height=\"1000\" src=\"https:\/\/i0.wp.com\/www.independentpeople.net\/wp-content\/uploads\/2018\/07\/one-day-in-Gozo-15.jpg?resize=1500%2C1000&#038;ssl=1\" alt=\"[:en]One Day on Gozo, Malta[:fr]Une journ\u00e9e \u00e0 Gozo[:]\" class=\"wp-image-7225\" role=\"presentation\" srcset=\"https:\/\/i0.wp.com\/www.independentpeople.net\/wp-content\/uploads\/2018\/07\/one-day-in-Gozo-15.jpg?resize=200%2C133&amp;ssl=1 200w, https:\/\/i0.wp.com\/www.independentpeople.net\/wp-content\/uploads\/2018\/07\/one-day-in-Gozo-15.jpg?resize=300%2C200&amp;ssl=1 300w, https:\/\/i0.wp.com\/www.independentpeople.net\/wp-content\/uploads\/2018\/07\/one-day-in-Gozo-15.jpg?resize=400%2C267&amp;ssl=1 400w, https:\/\/i0.wp.com\/www.independentpeople.net\/wp-content\/uploads\/2018\/07\/one-day-in-Gozo-15.jpg?resize=600%2C400&amp;ssl=1 600w, https:\/\/i0.wp.com\/www.independentpeople.net\/wp-content\/uploads\/2018\/07\/one-day-in-Gozo-15.jpg?resize=640%2C427&amp;ssl=1 640w, https:\/\/i0.wp.com\/www.independentpeople.net\/wp-content\/uploads\/2018\/07\/one-day-in-Gozo-15.jpg?resize=768%2C512&amp;ssl=1 768w, https:\/\/i0.wp.com\/www.independentpeople.net\/wp-content\/uploads\/2018\/07\/one-day-in-Gozo-15.jpg?resize=800%2C533&amp;ssl=1 800w, https:\/\/i0.wp.com\/www.independentpeople.net\/wp-content\/uploads\/2018\/07\/one-day-in-Gozo-15.jpg?resize=1200%2C800&amp;ssl=1 1200w, https:\/\/i0.wp.com\/www.independentpeople.net\/wp-content\/uploads\/2018\/07\/one-day-in-Gozo-15.jpg?w=1500&amp;ssl=1 1500w\" sizes=\"(min-width: 2200px) 100vw, (min-width: 713px) 785px, (min-width: 640px) 713px, \" \/>\t\t\t\t\t\t\t\t<\/a>\n\t\t\t\t\t\t\t\t<a style=\"display:none;\" href=\"https:\/\/i0.wp.com\/www.independentpeople.net\/wp-content\/uploads\/2018\/07\/one-day-in-Gozo-15.jpg?fit=1500%2C1000&#038;ssl=1\" data-rel=\"iLightbox[gallery15648]\"  title=\"\" data-title=\"one day in Gozo-15\" data-caption=\"\">\n\t\t\t\t\t\t\t\t\t\t\t\t\t\t\t\t\t\t\t<img style=\"display:none;\" alt=\"[:en]One Day on Gozo, Malta[:fr]Une journ\u00e9e \u00e0 Gozo[:]\" role=\"presentation\" \/>\n\t\t\t\t\t\t\t\t\t\t\t\t\t\t\t\t\t<\/a>\n\t\t\t\t\t\t\t<\/div>\n\t\t\t\t\t\t<\/li>\n\t\t\t\t\t\t\t\t\t\t\t\t\t\t\t\t\t\t\t\t\t\t\t\t\t\t\t\t\t\t\t\t\t\t\t\t\t\t\t\t\t\t\t\t\t\t\t\t\t\t\t\t\t\t\t\t\t\t\t\t\t\t\t\t\t\t<\/ul>\n\t<\/div>\n\t<div class=\"fusion-post-content-wrapper\" style=\"padding:30px 25px 20px 25px;\"><div class=\"fusion-post-content post-content\"><h2 class=\"blog-shortcode-post-title entry-title\"><a href=\"https:\/\/www.independentpeople.net\/fr\/une-journee-a\/comment-passer-une-journee-a-gozo-malte\/\">Comment passer une journ\u00e9e \u00e0 Gozo, Malte<\/a><\/h2><p class=\"fusion-single-line-meta\"><span class=\"vcard\" style=\"display: none;\"><span class=\"fn\"><a href=\"https:\/\/www.independentpeople.net\/fr\/author\/drakyla1604gmail-com\/\" title=\"Articles par independentpeople\" rel=\"author\">independentpeople<\/a><\/span><\/span><span class=\"updated\" style=\"display:none;\">2020-02-02T09:04:02+00:00<\/span><span>juillet 23rd, 2018<\/span><span class=\"fusion-inline-sep\">|<\/span><\/p><\/div><\/div><div class=\"fusion-clearfix\"><\/div><\/div>\n<\/article>\n<article id=\"blog-1-post-15617\" class=\"fusion-post-grid post-15617 post type-post status-publish format-standard has-post-thumbnail hentry category-malte\">\n<div class=\"fusion-post-wrapper\" style=\"background-color:rgba(255,255,255,1);border:1px solid #e9edef;border-bottom-width:3px;\">\n\n\t\t\t<div class=\"fusion-flexslider flexslider fusion-flexslider-loading fusion-post-slideshow\" style=\"border-color:#e9edef;\">\n\t\t<ul class=\"slides\">\n\t\t\t\n\t\t\t\t\t\t\t\t\t\t\t\t\t\t<li><div  class=\"fusion-image-wrapper\" aria-haspopup=\"true\">\n\t\t\t\t\t\t\t<a href=\"https:\/\/www.independentpeople.net\/fr\/malte\/malte-en-5-jours-nos-astuces-et-itineraire\/\" aria-label=\"Malte en 5 jours : nos astuces et itin\u00e9raire\">\n\t\t\t\t\t\t\t<img data-recalc-dims=\"1\" decoding=\"async\" loading=\"lazy\" width=\"1500\" height=\"1000\" src=\"https:\/\/i0.wp.com\/www.independentpeople.net\/wp-content\/uploads\/2018\/07\/malta-guide-itinerary07.jpg?resize=1500%2C1000&#038;ssl=1\" class=\"attachment-full size-full wp-post-image\" alt=\"\" srcset=\"https:\/\/i0.wp.com\/www.independentpeople.net\/wp-content\/uploads\/2018\/07\/malta-guide-itinerary07.jpg?resize=200%2C133&amp;ssl=1 200w, https:\/\/i0.wp.com\/www.independentpeople.net\/wp-content\/uploads\/2018\/07\/malta-guide-itinerary07.jpg?resize=300%2C200&amp;ssl=1 300w, https:\/\/i0.wp.com\/www.independentpeople.net\/wp-content\/uploads\/2018\/07\/malta-guide-itinerary07.jpg?resize=400%2C267&amp;ssl=1 400w, https:\/\/i0.wp.com\/www.independentpeople.net\/wp-content\/uploads\/2018\/07\/malta-guide-itinerary07.jpg?resize=600%2C400&amp;ssl=1 600w, https:\/\/i0.wp.com\/www.independentpeople.net\/wp-content\/uploads\/2018\/07\/malta-guide-itinerary07.jpg?resize=640%2C427&amp;ssl=1 640w, https:\/\/i0.wp.com\/www.independentpeople.net\/wp-content\/uploads\/2018\/07\/malta-guide-itinerary07.jpg?resize=768%2C512&amp;ssl=1 768w, https:\/\/i0.wp.com\/www.independentpeople.net\/wp-content\/uploads\/2018\/07\/malta-guide-itinerary07.jpg?resize=800%2C533&amp;ssl=1 800w, https:\/\/i0.wp.com\/www.independentpeople.net\/wp-content\/uploads\/2018\/07\/malta-guide-itinerary07.jpg?resize=1200%2C800&amp;ssl=1 1200w, https:\/\/i0.wp.com\/www.independentpeople.net\/wp-content\/uploads\/2018\/07\/malta-guide-itinerary07.jpg?fit=1500%2C1000&amp;ssl=1 1500w\" sizes=\"auto, (min-width: 2200px) 100vw, (min-width: 713px) 785px, (min-width: 640px) 713px, \" \/>\t\t\t<\/a>\n\t\t\t\t\t\t\t<\/div>\n<\/li>\n\t\t\t\n\t\t\t\n\t\t\t\t\t\t\t\t\t\t\t\n\t\t\t\t\t\n\t\t\t\t\t\t\t\t\t\t\t<li>\n\t\t\t\t\t\t\t<div class=\"fusion-image-wrapper\">\n\t\t\t\t\t\t\t\t<a href=\"https:\/\/www.independentpeople.net\/fr\/malte\/malte-en-5-jours-nos-astuces-et-itineraire\/\" aria-label=\"Malte en 5 jours : nos astuces et itin\u00e9raire\">\n\t\t\t\t\t\t\t\t\t<img data-recalc-dims=\"1\" decoding=\"async\" width=\"1500\" height=\"1000\" src=\"https:\/\/i0.wp.com\/www.independentpeople.net\/wp-content\/uploads\/2018\/07\/malta-guide-itinerary23.jpg?resize=1500%2C1000&#038;ssl=1\" alt=\"[:en]malta dingli cliffs panorama[:fr]malte dingli falaises panorama[:]\" class=\"wp-image-7164\" role=\"presentation\" srcset=\"https:\/\/i0.wp.com\/www.independentpeople.net\/wp-content\/uploads\/2018\/07\/malta-guide-itinerary23.jpg?resize=200%2C133&amp;ssl=1 200w, https:\/\/i0.wp.com\/www.independentpeople.net\/wp-content\/uploads\/2018\/07\/malta-guide-itinerary23.jpg?resize=300%2C200&amp;ssl=1 300w, https:\/\/i0.wp.com\/www.independentpeople.net\/wp-content\/uploads\/2018\/07\/malta-guide-itinerary23.jpg?resize=400%2C267&amp;ssl=1 400w, https:\/\/i0.wp.com\/www.independentpeople.net\/wp-content\/uploads\/2018\/07\/malta-guide-itinerary23.jpg?resize=600%2C400&amp;ssl=1 600w, https:\/\/i0.wp.com\/www.independentpeople.net\/wp-content\/uploads\/2018\/07\/malta-guide-itinerary23.jpg?resize=640%2C427&amp;ssl=1 640w, https:\/\/i0.wp.com\/www.independentpeople.net\/wp-content\/uploads\/2018\/07\/malta-guide-itinerary23.jpg?resize=768%2C512&amp;ssl=1 768w, https:\/\/i0.wp.com\/www.independentpeople.net\/wp-content\/uploads\/2018\/07\/malta-guide-itinerary23.jpg?resize=800%2C533&amp;ssl=1 800w, https:\/\/i0.wp.com\/www.independentpeople.net\/wp-content\/uploads\/2018\/07\/malta-guide-itinerary23.jpg?resize=1200%2C800&amp;ssl=1 1200w, https:\/\/i0.wp.com\/www.independentpeople.net\/wp-content\/uploads\/2018\/07\/malta-guide-itinerary23.jpg?w=1500&amp;ssl=1 1500w\" sizes=\"(min-width: 2200px) 100vw, (min-width: 713px) 785px, (min-width: 640px) 713px, \" \/>\t\t\t\t\t\t\t\t<\/a>\n\t\t\t\t\t\t\t\t<a style=\"display:none;\" href=\"https:\/\/i0.wp.com\/www.independentpeople.net\/wp-content\/uploads\/2018\/07\/malta-guide-itinerary23.jpg?fit=1500%2C1000&#038;ssl=1\" data-rel=\"iLightbox[gallery15617]\"  title=\"\" data-title=\"malta-guide-itinerary23\" data-caption=\"\">\n\t\t\t\t\t\t\t\t\t\t\t\t\t\t\t\t\t\t\t<img style=\"display:none;\" alt=\"[:en]malta dingli cliffs panorama[:fr]malte dingli falaises panorama[:]\" role=\"presentation\" \/>\n\t\t\t\t\t\t\t\t\t\t\t\t\t\t\t\t\t<\/a>\n\t\t\t\t\t\t\t<\/div>\n\t\t\t\t\t\t<\/li>\n\t\t\t\t\t\t\t\t\t\t\t\t\t\t\t\t\t\t\t\t\t\t\t\t\t\t\t\t\t\t\t\t\t\t\t\t\t\t\t\t\t\t\t\t\t\t\t\t\t\t\t\t\t\t\t\t\t\t\t\t\t\t\t\t\t\t<\/ul>\n\t<\/div>\n\t<div class=\"fusion-post-content-wrapper\" style=\"padding:30px 25px 20px 25px;\"><div class=\"fusion-post-content post-content\"><h2 class=\"blog-shortcode-post-title entry-title\"><a href=\"https:\/\/www.independentpeople.net\/fr\/malte\/malte-en-5-jours-nos-astuces-et-itineraire\/\">Malte en 5 jours : nos astuces et itin\u00e9raire<\/a><\/h2><p class=\"fusion-single-line-meta\"><span class=\"vcard\" style=\"display: none;\"><span class=\"fn\"><a href=\"https:\/\/www.independentpeople.net\/fr\/author\/drakyla1604gmail-com\/\" title=\"Articles par independentpeople\" rel=\"author\">independentpeople<\/a><\/span><\/span><span class=\"updated\" style=\"display:none;\">2020-02-02T09:35:52+00:00<\/span><span>juillet 23rd, 2018<\/span><span class=\"fusion-inline-sep\">|<\/span><\/p><\/div><\/div><div class=\"fusion-clearfix\"><\/div><\/div>\n<\/article>\n<div class=\"fusion-clearfix\"><\/div><\/div><\/div><div class=\"fusion-clearfix\"><\/div><\/div><\/div><\/div><\/div>\n<p><a href=\"\/\/www.pinterest.com\/pin\/create\/button\/\" data-pin-do=\"buttonBookmark\" data-pin-color=\"red\" data-pin-height=\"128\"><img data-recalc-dims=\"1\" decoding=\"async\" loading=\"lazy\" src=\"https:\/\/i0.wp.com\/assets.pinterest.com\/images\/pidgets\/pinit_fg_en_rect_red_28.png?w=1500\" \/><\/a><\/p>","protected":false},"excerpt":{"rendered":"","protected":false},"author":1,"featured_media":0,"parent":0,"menu_order":0,"comment_status":"closed","ping_status":"closed","template":"","meta":{"nf_dc_page":"","footnotes":""},"class_list":["post-12939","page","type-page","status-publish","hentry"],"aioseo_notices":[],"jetpack_sharing_enabled":true,"jetpack_shortlink":"https:\/\/wp.me\/P78Bh7-3mH","_links":{"self":[{"href":"https:\/\/www.independentpeople.net\/fr\/wp-json\/wp\/v2\/pages\/12939","targetHints":{"allow":["GET"]}}],"collection":[{"href":"https:\/\/www.independentpeople.net\/fr\/wp-json\/wp\/v2\/pages"}],"about":[{"href":"https:\/\/www.independentpeople.net\/fr\/wp-json\/wp\/v2\/types\/page"}],"author":[{"embeddable":true,"href":"https:\/\/www.independentpeople.net\/fr\/wp-json\/wp\/v2\/users\/1"}],"replies":[{"embeddable":true,"href":"https:\/\/www.independentpeople.net\/fr\/wp-json\/wp\/v2\/comments?post=12939"}],"version-history":[{"count":2,"href":"https:\/\/www.independentpeople.net\/fr\/wp-json\/wp\/v2\/pages\/12939\/revisions"}],"predecessor-version":[{"id":24908,"href":"https:\/\/www.independentpeople.net\/fr\/wp-json\/wp\/v2\/pages\/12939\/revisions\/24908"}],"wp:attachment":[{"href":"https:\/\/www.independentpeople.net\/fr\/wp-json\/wp\/v2\/media?parent=12939"}],"curies":[{"name":"wp","href":"https:\/\/api.w.org\/{rel}","templated":true}]}}