{"id":16355,"date":"2020-01-20T09:11:12","date_gmt":"2020-01-20T09:11:12","guid":{"rendered":"http:\/\/www.independentpeople.net\/grand-est\/"},"modified":"2020-01-27T10:09:53","modified_gmt":"2020-01-27T10:09:53","slug":"grand-est","status":"publish","type":"page","link":"https:\/\/www.independentpeople.net\/fr\/france\/grand-est\/","title":{"rendered":"Grand Est"},"content":{"rendered":"<div class=\"fusion-fullwidth fullwidth-box fusion-builder-row-1 nonhundred-percent-fullwidth non-hundred-percent-height-scrolling\" style=\"--awb-background-position:left top;--awb-border-radius-top-left:0px;--awb-border-radius-top-right:0px;--awb-border-radius-bottom-right:0px;--awb-border-radius-bottom-left:0px;--awb-padding-top:20px;--awb-padding-bottom:20px;--awb-border-sizes-top:0px;--awb-border-sizes-bottom:0px;--awb-flex-wrap:wrap;\" ><div class=\"fusion-builder-row fusion-row\"><div class=\"fusion-layout-column fusion_builder_column fusion-builder-column-0 fusion_builder_column_1_1 1_1 fusion-one-full fusion-column-first fusion-column-last fusion-column-no-min-height\" style=\"--awb-bg-size:cover;--awb-margin-bottom:0px;\"><div class=\"fusion-column-wrapper fusion-flex-column-wrapper-legacy\"><div class=\"fusion-blog-shortcode fusion-blog-shortcode-1 fusion-blog-archive fusion-blog-layout-grid-wrapper fusion-blog-no\"><style type=\"text\/css\">.fusion-blog-shortcode-1 .fusion-blog-layout-grid .fusion-post-grid{padding:20px;}.fusion-blog-shortcode-1 .fusion-posts-container{margin-left: -20px !important; margin-right:-20px !important;}<\/style><div class=\"fusion-posts-container fusion-posts-container-no fusion-blog-layout-grid fusion-blog-layout-grid-2 isotope\" data-pages=\"0\" data-grid-col-space=\"40\" style=\"margin: -20px -20px 0;min-height:500px;\"><article id=\"blog-1-post-15790\" class=\"fusion-post-grid post-15790 post type-post status-publish format-standard has-post-thumbnail hentry category-france category-grand-est\">\n<div class=\"fusion-post-wrapper\" style=\"background-color:rgba(255,255,255,1);border:1px solid #e9edef;border-bottom-width:3px;\">\n\n\t\t\t<div class=\"fusion-flexslider flexslider fusion-flexslider-loading fusion-post-slideshow\" style=\"border-color:#e9edef;\">\n\t\t<ul class=\"slides\">\n\t\t\t\n\t\t\t\t\t\t\t\t\t\t\t\t\t\t<li><div  class=\"fusion-image-wrapper\" aria-haspopup=\"true\">\n\t\t\t\t\t\t\t<a href=\"https:\/\/www.independentpeople.net\/fr\/france\/grand-est\/un-week-end-en-champagne-spontane-mais-enrichissant\/\" aria-label=\"Un week-end en Champagne : Reims, Epernay, Troyes\">\n\t\t\t\t\t\t\t<img data-recalc-dims=\"1\" decoding=\"async\" loading=\"lazy\" width=\"1500\" height=\"1000\" src=\"https:\/\/i0.wp.com\/www.independentpeople.net\/wp-content\/uploads\/2018\/12\/week-end-champagne-35.jpg?resize=1500%2C1000&#038;ssl=1\" class=\"attachment-full size-full wp-post-image\" alt=\"Week-end \u00e0 Champagne\" srcset=\"https:\/\/i0.wp.com\/www.independentpeople.net\/wp-content\/uploads\/2018\/12\/week-end-champagne-35.jpg?resize=200%2C133&amp;ssl=1 200w, https:\/\/i0.wp.com\/www.independentpeople.net\/wp-content\/uploads\/2018\/12\/week-end-champagne-35.jpg?resize=300%2C200&amp;ssl=1 300w, https:\/\/i0.wp.com\/www.independentpeople.net\/wp-content\/uploads\/2018\/12\/week-end-champagne-35.jpg?resize=400%2C267&amp;ssl=1 400w, https:\/\/i0.wp.com\/www.independentpeople.net\/wp-content\/uploads\/2018\/12\/week-end-champagne-35.jpg?resize=600%2C400&amp;ssl=1 600w, https:\/\/i0.wp.com\/www.independentpeople.net\/wp-content\/uploads\/2018\/12\/week-end-champagne-35.jpg?resize=640%2C427&amp;ssl=1 640w, https:\/\/i0.wp.com\/www.independentpeople.net\/wp-content\/uploads\/2018\/12\/week-end-champagne-35.jpg?resize=768%2C512&amp;ssl=1 768w, https:\/\/i0.wp.com\/www.independentpeople.net\/wp-content\/uploads\/2018\/12\/week-end-champagne-35.jpg?resize=800%2C533&amp;ssl=1 800w, https:\/\/i0.wp.com\/www.independentpeople.net\/wp-content\/uploads\/2018\/12\/week-end-champagne-35.jpg?resize=1200%2C800&amp;ssl=1 1200w, https:\/\/i0.wp.com\/www.independentpeople.net\/wp-content\/uploads\/2018\/12\/week-end-champagne-35.jpg?fit=1500%2C1000&amp;ssl=1 1500w\" sizes=\"auto, (min-width: 2200px) 100vw, (min-width: 713px) 785px, (min-width: 640px) 713px, \" \/>\t\t\t<\/a>\n\t\t\t\t\t\t\t<\/div>\n<\/li>\n\t\t\t\n\t\t\t\n\t\t\t\t\t\t\t\t\t\t\t\n\t\t\t\t\t\n\t\t\t\t\t\t\t\t\t\t\t<li>\n\t\t\t\t\t\t\t<div class=\"fusion-image-wrapper\">\n\t\t\t\t\t\t\t\t<a href=\"https:\/\/www.independentpeople.net\/fr\/france\/grand-est\/un-week-end-en-champagne-spontane-mais-enrichissant\/\" aria-label=\"Un week-end en Champagne : Reims, Epernay, Troyes\">\n\t\t\t\t\t\t\t\t\t<img data-recalc-dims=\"1\" decoding=\"async\" width=\"1500\" height=\"1000\" src=\"https:\/\/i0.wp.com\/www.independentpeople.net\/wp-content\/uploads\/2018\/12\/week-end-champagne-38.jpg?resize=1500%2C1000&#038;ssl=1\" alt=\"Week-end \u00e0 Champagne\" class=\"wp-image-15803\" role=\"presentation\" srcset=\"https:\/\/i0.wp.com\/www.independentpeople.net\/wp-content\/uploads\/2018\/12\/week-end-champagne-38.jpg?resize=200%2C133&amp;ssl=1 200w, https:\/\/i0.wp.com\/www.independentpeople.net\/wp-content\/uploads\/2018\/12\/week-end-champagne-38.jpg?resize=300%2C200&amp;ssl=1 300w, https:\/\/i0.wp.com\/www.independentpeople.net\/wp-content\/uploads\/2018\/12\/week-end-champagne-38.jpg?resize=400%2C267&amp;ssl=1 400w, https:\/\/i0.wp.com\/www.independentpeople.net\/wp-content\/uploads\/2018\/12\/week-end-champagne-38.jpg?resize=600%2C400&amp;ssl=1 600w, https:\/\/i0.wp.com\/www.independentpeople.net\/wp-content\/uploads\/2018\/12\/week-end-champagne-38.jpg?resize=640%2C427&amp;ssl=1 640w, https:\/\/i0.wp.com\/www.independentpeople.net\/wp-content\/uploads\/2018\/12\/week-end-champagne-38.jpg?resize=768%2C512&amp;ssl=1 768w, https:\/\/i0.wp.com\/www.independentpeople.net\/wp-content\/uploads\/2018\/12\/week-end-champagne-38.jpg?resize=800%2C533&amp;ssl=1 800w, https:\/\/i0.wp.com\/www.independentpeople.net\/wp-content\/uploads\/2018\/12\/week-end-champagne-38.jpg?resize=1200%2C800&amp;ssl=1 1200w, https:\/\/i0.wp.com\/www.independentpeople.net\/wp-content\/uploads\/2018\/12\/week-end-champagne-38.jpg?w=1500&amp;ssl=1 1500w\" sizes=\"(min-width: 2200px) 100vw, (min-width: 713px) 785px, (min-width: 640px) 713px, \" \/>\t\t\t\t\t\t\t\t<\/a>\n\t\t\t\t\t\t\t\t<a style=\"display:none;\" href=\"https:\/\/i0.wp.com\/www.independentpeople.net\/wp-content\/uploads\/2018\/12\/week-end-champagne-38.jpg?fit=1500%2C1000&#038;ssl=1\" data-rel=\"iLightbox[gallery15790]\"  title=\"\" data-title=\"week-end-champagne-38\" data-caption=\"\">\n\t\t\t\t\t\t\t\t\t\t\t\t\t\t\t\t\t\t\t<img style=\"display:none;\" alt=\"Week-end \u00e0 Champagne\" role=\"presentation\" \/>\n\t\t\t\t\t\t\t\t\t\t\t\t\t\t\t\t\t<\/a>\n\t\t\t\t\t\t\t<\/div>\n\t\t\t\t\t\t<\/li>\n\t\t\t\t\t\t\t\t\t\t\t\t\t\t\t\t\t\t\t\t\t\t\t\t\t\t\t\t\t\t\t\t\t\t\t\t\t\t\t\t\t\t\t\t\t\t\t\t\t\t\t\t\t\t\t\t\t\t\t\t\t\t\t\t\t\t<\/ul>\n\t<\/div>\n\t<div class=\"fusion-post-content-wrapper\" style=\"padding:30px 25px 20px 25px;\"><div class=\"fusion-post-content post-content\"><h2 class=\"blog-shortcode-post-title entry-title\"><a href=\"https:\/\/www.independentpeople.net\/fr\/france\/grand-est\/un-week-end-en-champagne-spontane-mais-enrichissant\/\">Un week-end en Champagne : Reims, Epernay, Troyes<\/a><\/h2><p class=\"fusion-single-line-meta\"><span class=\"vcard\" style=\"display: none;\"><span class=\"fn\"><a href=\"https:\/\/www.independentpeople.net\/fr\/author\/drakyla1604gmail-com\/\" title=\"Articles par independentpeople\" rel=\"author\">independentpeople<\/a><\/span><\/span><span class=\"updated\" style=\"display:none;\">2025-08-07T08:36:49+00:00<\/span><span>d\u00e9cembre 4th, 2018<\/span><span class=\"fusion-inline-sep\">|<\/span><\/p><div class=\"fusion-post-content-container\"><\/div><\/div><\/div><div class=\"fusion-clearfix\"><\/div><\/div>\n<\/article>\n<article id=\"blog-1-post-15693\" class=\"fusion-post-grid post-15693 post type-post status-publish format-standard has-post-thumbnail hentry category-france category-france-a-velo category-grand-est category-voyages-a-velo\">\n<div class=\"fusion-post-wrapper\" style=\"background-color:rgba(255,255,255,1);border:1px solid #e9edef;border-bottom-width:3px;\">\n\n\t\t\t<div class=\"fusion-flexslider flexslider fusion-flexslider-loading fusion-post-slideshow\" style=\"border-color:#e9edef;\">\n\t\t<ul class=\"slides\">\n\t\t\t\n\t\t\t\t\t\t\t\t\t\t\t\t\t\t<li><div  class=\"fusion-image-wrapper\" aria-haspopup=\"true\">\n\t\t\t\t\t\t\t<a href=\"https:\/\/www.independentpeople.net\/fr\/voyages-a-velo\/trans-ardennes-la-voie-verte-a-velo\/\" aria-label=\"Trans-Ardennes : la Voie Verte \u00e0 v\u00e9lo\">\n\t\t\t\t\t\t\t<img data-recalc-dims=\"1\" decoding=\"async\" loading=\"lazy\" width=\"1500\" height=\"1000\" src=\"https:\/\/i0.wp.com\/www.independentpeople.net\/wp-content\/uploads\/2018\/10\/ardennes-voie-verte-12.jpg?resize=1500%2C1000&#038;ssl=1\" class=\"attachment-full size-full wp-post-image\" alt=\"\" srcset=\"https:\/\/i0.wp.com\/www.independentpeople.net\/wp-content\/uploads\/2018\/10\/ardennes-voie-verte-12.jpg?resize=200%2C133&amp;ssl=1 200w, https:\/\/i0.wp.com\/www.independentpeople.net\/wp-content\/uploads\/2018\/10\/ardennes-voie-verte-12.jpg?resize=300%2C200&amp;ssl=1 300w, https:\/\/i0.wp.com\/www.independentpeople.net\/wp-content\/uploads\/2018\/10\/ardennes-voie-verte-12.jpg?resize=400%2C267&amp;ssl=1 400w, https:\/\/i0.wp.com\/www.independentpeople.net\/wp-content\/uploads\/2018\/10\/ardennes-voie-verte-12.jpg?resize=600%2C400&amp;ssl=1 600w, https:\/\/i0.wp.com\/www.independentpeople.net\/wp-content\/uploads\/2018\/10\/ardennes-voie-verte-12.jpg?resize=640%2C427&amp;ssl=1 640w, https:\/\/i0.wp.com\/www.independentpeople.net\/wp-content\/uploads\/2018\/10\/ardennes-voie-verte-12.jpg?resize=768%2C512&amp;ssl=1 768w, https:\/\/i0.wp.com\/www.independentpeople.net\/wp-content\/uploads\/2018\/10\/ardennes-voie-verte-12.jpg?resize=800%2C533&amp;ssl=1 800w, https:\/\/i0.wp.com\/www.independentpeople.net\/wp-content\/uploads\/2018\/10\/ardennes-voie-verte-12.jpg?resize=1200%2C800&amp;ssl=1 1200w, https:\/\/i0.wp.com\/www.independentpeople.net\/wp-content\/uploads\/2018\/10\/ardennes-voie-verte-12.jpg?fit=1500%2C1000&amp;ssl=1 1500w\" sizes=\"auto, (min-width: 2200px) 100vw, (min-width: 713px) 785px, (min-width: 640px) 713px, \" \/>\t\t\t<\/a>\n\t\t\t\t\t\t\t<\/div>\n<\/li>\n\t\t\t\n\t\t\t\n\t\t\t\t\t\t\t\t\t\t\t\n\t\t\t\t\t\n\t\t\t\t\t\t\t\t\t\t\t<li>\n\t\t\t\t\t\t\t<div class=\"fusion-image-wrapper\">\n\t\t\t\t\t\t\t\t<a href=\"https:\/\/www.independentpeople.net\/fr\/voyages-a-velo\/trans-ardennes-la-voie-verte-a-velo\/\" aria-label=\"Trans-Ardennes : la Voie Verte \u00e0 v\u00e9lo\">\n\t\t\t\t\t\t\t\t\t<img data-recalc-dims=\"1\" decoding=\"async\" width=\"1500\" height=\"1000\" src=\"https:\/\/i0.wp.com\/www.independentpeople.net\/wp-content\/uploads\/2018\/10\/ardennes-voie-verte-13.jpg?resize=1500%2C1000&#038;ssl=1\" alt=\"Trans-Ardennes, France, Ardennes\" class=\"wp-image-7509\" role=\"presentation\" srcset=\"https:\/\/i0.wp.com\/www.independentpeople.net\/wp-content\/uploads\/2018\/10\/ardennes-voie-verte-13.jpg?resize=200%2C133&amp;ssl=1 200w, https:\/\/i0.wp.com\/www.independentpeople.net\/wp-content\/uploads\/2018\/10\/ardennes-voie-verte-13.jpg?resize=300%2C200&amp;ssl=1 300w, https:\/\/i0.wp.com\/www.independentpeople.net\/wp-content\/uploads\/2018\/10\/ardennes-voie-verte-13.jpg?resize=400%2C267&amp;ssl=1 400w, https:\/\/i0.wp.com\/www.independentpeople.net\/wp-content\/uploads\/2018\/10\/ardennes-voie-verte-13.jpg?resize=600%2C400&amp;ssl=1 600w, https:\/\/i0.wp.com\/www.independentpeople.net\/wp-content\/uploads\/2018\/10\/ardennes-voie-verte-13.jpg?resize=640%2C427&amp;ssl=1 640w, https:\/\/i0.wp.com\/www.independentpeople.net\/wp-content\/uploads\/2018\/10\/ardennes-voie-verte-13.jpg?resize=768%2C512&amp;ssl=1 768w, https:\/\/i0.wp.com\/www.independentpeople.net\/wp-content\/uploads\/2018\/10\/ardennes-voie-verte-13.jpg?resize=800%2C533&amp;ssl=1 800w, https:\/\/i0.wp.com\/www.independentpeople.net\/wp-content\/uploads\/2018\/10\/ardennes-voie-verte-13.jpg?resize=1200%2C800&amp;ssl=1 1200w, https:\/\/i0.wp.com\/www.independentpeople.net\/wp-content\/uploads\/2018\/10\/ardennes-voie-verte-13.jpg?w=1500&amp;ssl=1 1500w\" sizes=\"(min-width: 2200px) 100vw, (min-width: 713px) 785px, (min-width: 640px) 713px, \" \/>\t\t\t\t\t\t\t\t<\/a>\n\t\t\t\t\t\t\t\t<a style=\"display:none;\" href=\"https:\/\/i0.wp.com\/www.independentpeople.net\/wp-content\/uploads\/2018\/10\/ardennes-voie-verte-13.jpg?fit=1500%2C1000&#038;ssl=1\" data-rel=\"iLightbox[gallery15693]\"  title=\"\" data-title=\"ardennes-voie-verte-13\" data-caption=\"\">\n\t\t\t\t\t\t\t\t\t\t\t\t\t\t\t\t\t\t\t<img style=\"display:none;\" alt=\"Trans-Ardennes, France, Ardennes\" role=\"presentation\" \/>\n\t\t\t\t\t\t\t\t\t\t\t\t\t\t\t\t\t<\/a>\n\t\t\t\t\t\t\t<\/div>\n\t\t\t\t\t\t<\/li>\n\t\t\t\t\t\t\t\t\t\t\t\t\t\t\t\t\t\t\t\t\t\t\t\t\t\t\t\t\t\t\t\t\t\t\t\t\t\t\t\t\t\t\t\t\t\t\t\t\t\t\t\t\t\t\t\t\t\t\t\t\t\t\t\t\t\t<\/ul>\n\t<\/div>\n\t<div class=\"fusion-post-content-wrapper\" style=\"padding:30px 25px 20px 25px;\"><div class=\"fusion-post-content post-content\"><h2 class=\"blog-shortcode-post-title entry-title\"><a href=\"https:\/\/www.independentpeople.net\/fr\/voyages-a-velo\/trans-ardennes-la-voie-verte-a-velo\/\">Trans-Ardennes : la Voie Verte \u00e0 v\u00e9lo<\/a><\/h2><p class=\"fusion-single-line-meta\"><span class=\"vcard\" style=\"display: none;\"><span class=\"fn\"><a href=\"https:\/\/www.independentpeople.net\/fr\/author\/drakyla1604gmail-com\/\" title=\"Articles par independentpeople\" rel=\"author\">independentpeople<\/a><\/span><\/span><span class=\"updated\" style=\"display:none;\">2020-01-20T09:04:37+00:00<\/span><span>octobre 2nd, 2018<\/span><span class=\"fusion-inline-sep\">|<\/span><\/p><div class=\"fusion-post-content-container\"><\/div><\/div><\/div><div class=\"fusion-clearfix\"><\/div><\/div>\n<\/article>\n<article id=\"blog-1-post-15247\" class=\"fusion-post-grid post-15247 post type-post status-publish format-standard has-post-thumbnail hentry category-france category-grand-est category-une-journee-a\">\n<div class=\"fusion-post-wrapper\" style=\"background-color:rgba(255,255,255,1);border:1px solid #e9edef;border-bottom-width:3px;\">\n\n\t\t\t<div class=\"fusion-flexslider flexslider fusion-flexslider-loading fusion-post-slideshow\" style=\"border-color:#e9edef;\">\n\t\t<ul class=\"slides\">\n\t\t\t\n\t\t\t\t\t\t\t\t\t\t\t\t\t\t<li><div  class=\"fusion-image-wrapper\" aria-haspopup=\"true\">\n\t\t\t\t\t\t\t<a href=\"https:\/\/www.independentpeople.net\/fr\/une-journee-a\/une-journee-a-strasbourg\/\" aria-label=\"Une journ\u00e9e \u00e0 Strasbourg\">\n\t\t\t\t\t\t\t<img data-recalc-dims=\"1\" decoding=\"async\" loading=\"lazy\" width=\"1000\" height=\"667\" src=\"https:\/\/i0.wp.com\/www.independentpeople.net\/wp-content\/uploads\/2017\/11\/Strasbourg-France-Alsace13.jpg?resize=1000%2C667&#038;ssl=1\" class=\"attachment-full size-full wp-post-image\" alt=\"\" srcset=\"https:\/\/i0.wp.com\/www.independentpeople.net\/wp-content\/uploads\/2017\/11\/Strasbourg-France-Alsace13.jpg?resize=200%2C133&amp;ssl=1 200w, https:\/\/i0.wp.com\/www.independentpeople.net\/wp-content\/uploads\/2017\/11\/Strasbourg-France-Alsace13.jpg?resize=300%2C200&amp;ssl=1 300w, https:\/\/i0.wp.com\/www.independentpeople.net\/wp-content\/uploads\/2017\/11\/Strasbourg-France-Alsace13.jpg?resize=400%2C267&amp;ssl=1 400w, https:\/\/i0.wp.com\/www.independentpeople.net\/wp-content\/uploads\/2017\/11\/Strasbourg-France-Alsace13.jpg?resize=600%2C400&amp;ssl=1 600w, https:\/\/i0.wp.com\/www.independentpeople.net\/wp-content\/uploads\/2017\/11\/Strasbourg-France-Alsace13.jpg?resize=768%2C512&amp;ssl=1 768w, https:\/\/i0.wp.com\/www.independentpeople.net\/wp-content\/uploads\/2017\/11\/Strasbourg-France-Alsace13.jpg?resize=800%2C534&amp;ssl=1 800w, https:\/\/i0.wp.com\/www.independentpeople.net\/wp-content\/uploads\/2017\/11\/Strasbourg-France-Alsace13.jpg?fit=1000%2C667&amp;ssl=1 1000w\" sizes=\"auto, (min-width: 2200px) 100vw, (min-width: 713px) 785px, (min-width: 640px) 713px, \" \/>\t\t\t<\/a>\n\t\t\t\t\t\t\t<\/div>\n<\/li>\n\t\t\t\n\t\t\t\n\t\t\t\t\t\t\t\t\t\t\t\n\t\t\t\t\t\n\t\t\t\t\t\t\t\t\t\t\t<li>\n\t\t\t\t\t\t\t<div class=\"fusion-image-wrapper\">\n\t\t\t\t\t\t\t\t<a href=\"https:\/\/www.independentpeople.net\/fr\/une-journee-a\/une-journee-a-strasbourg\/\" aria-label=\"Une journ\u00e9e \u00e0 Strasbourg\">\n\t\t\t\t\t\t\t\t\t<img data-recalc-dims=\"1\" decoding=\"async\" width=\"1000\" height=\"662\" src=\"https:\/\/i0.wp.com\/www.independentpeople.net\/wp-content\/uploads\/2017\/11\/Strasbourg-France-Alsace04.jpg?resize=1000%2C662&#038;ssl=1\" alt=\"Strasbourg, France\" class=\"wp-image-5720\" role=\"presentation\" srcset=\"https:\/\/i0.wp.com\/www.independentpeople.net\/wp-content\/uploads\/2017\/11\/Strasbourg-France-Alsace04.jpg?resize=200%2C132&amp;ssl=1 200w, https:\/\/i0.wp.com\/www.independentpeople.net\/wp-content\/uploads\/2017\/11\/Strasbourg-France-Alsace04.jpg?resize=300%2C199&amp;ssl=1 300w, https:\/\/i0.wp.com\/www.independentpeople.net\/wp-content\/uploads\/2017\/11\/Strasbourg-France-Alsace04.jpg?resize=400%2C265&amp;ssl=1 400w, https:\/\/i0.wp.com\/www.independentpeople.net\/wp-content\/uploads\/2017\/11\/Strasbourg-France-Alsace04.jpg?resize=600%2C397&amp;ssl=1 600w, https:\/\/i0.wp.com\/www.independentpeople.net\/wp-content\/uploads\/2017\/11\/Strasbourg-France-Alsace04.jpg?resize=768%2C508&amp;ssl=1 768w, https:\/\/i0.wp.com\/www.independentpeople.net\/wp-content\/uploads\/2017\/11\/Strasbourg-France-Alsace04.jpg?resize=800%2C530&amp;ssl=1 800w, https:\/\/i0.wp.com\/www.independentpeople.net\/wp-content\/uploads\/2017\/11\/Strasbourg-France-Alsace04.jpg?w=1000&amp;ssl=1 1000w\" sizes=\"(min-width: 2200px) 100vw, (min-width: 713px) 785px, (min-width: 640px) 713px, \" \/>\t\t\t\t\t\t\t\t<\/a>\n\t\t\t\t\t\t\t\t<a style=\"display:none;\" href=\"https:\/\/i0.wp.com\/www.independentpeople.net\/wp-content\/uploads\/2017\/11\/Strasbourg-France-Alsace04.jpg?fit=1000%2C662&#038;ssl=1\" data-rel=\"iLightbox[gallery15247]\"  title=\"\" data-title=\"Strasbourg France Alsace04\" data-caption=\"\">\n\t\t\t\t\t\t\t\t\t\t\t\t\t\t\t\t\t\t\t<img style=\"display:none;\" alt=\"Strasbourg, France\" role=\"presentation\" \/>\n\t\t\t\t\t\t\t\t\t\t\t\t\t\t\t\t\t<\/a>\n\t\t\t\t\t\t\t<\/div>\n\t\t\t\t\t\t<\/li>\n\t\t\t\t\t\t\t\t\t\t\t\t\t\t\t\t\t\t\t\t\t\t\t\t\t\t\t\t\t\t\t\t\t\t\t\t\t\t\t\t\t\t\t\t\t\t\t\t\t\t\t\t\t\t\t\t\t\t\t\t\t\t\t\t\t\t<\/ul>\n\t<\/div>\n\t<div class=\"fusion-post-content-wrapper\" style=\"padding:30px 25px 20px 25px;\"><div class=\"fusion-post-content post-content\"><h2 class=\"blog-shortcode-post-title entry-title\"><a href=\"https:\/\/www.independentpeople.net\/fr\/une-journee-a\/une-journee-a-strasbourg\/\">Une journ\u00e9e \u00e0 Strasbourg<\/a><\/h2><p class=\"fusion-single-line-meta\"><span class=\"vcard\" style=\"display: none;\"><span class=\"fn\"><a href=\"https:\/\/www.independentpeople.net\/fr\/author\/drakyla1604gmail-com\/\" title=\"Articles par independentpeople\" rel=\"author\">independentpeople<\/a><\/span><\/span><span class=\"updated\" style=\"display:none;\">2020-01-19T12:20:50+00:00<\/span><span>d\u00e9cembre 7th, 2017<\/span><span class=\"fusion-inline-sep\">|<\/span><\/p><div class=\"fusion-post-content-container\"><\/div><\/div><\/div><div class=\"fusion-clearfix\"><\/div><\/div>\n<\/article>\n<article id=\"blog-1-post-15190\" class=\"fusion-post-grid post-15190 post type-post status-publish format-standard has-post-thumbnail hentry category-allemagne category-france category-grand-est category-hiver\">\n<div class=\"fusion-post-wrapper\" style=\"background-color:rgba(255,255,255,1);border:1px solid #e9edef;border-bottom-width:3px;\">\n\n\t\t\t<div class=\"fusion-flexslider flexslider fusion-flexslider-loading fusion-post-slideshow\" style=\"border-color:#e9edef;\">\n\t\t<ul class=\"slides\">\n\t\t\t\n\t\t\t\t\t\t\t\t\t\t\t\t\t\t<li><div  class=\"fusion-image-wrapper\" aria-haspopup=\"true\">\n\t\t\t\t\t\t\t<a href=\"https:\/\/www.independentpeople.net\/fr\/hiver\/pelerinage-aux-marches-de-noel-allemands\/\" aria-label=\"P\u00e8lerinage aux march\u00e9s de No\u00ebl Allemands\">\n\t\t\t\t\t\t\t<img data-recalc-dims=\"1\" decoding=\"async\" loading=\"lazy\" width=\"1000\" height=\"667\" src=\"https:\/\/i0.wp.com\/www.independentpeople.net\/wp-content\/uploads\/2017\/10\/Christmas-Markets-20.jpg?resize=1000%2C667&#038;ssl=1\" class=\"attachment-full size-full wp-post-image\" alt=\"\" srcset=\"https:\/\/i0.wp.com\/www.independentpeople.net\/wp-content\/uploads\/2017\/10\/Christmas-Markets-20.jpg?resize=200%2C133&amp;ssl=1 200w, https:\/\/i0.wp.com\/www.independentpeople.net\/wp-content\/uploads\/2017\/10\/Christmas-Markets-20.jpg?resize=300%2C200&amp;ssl=1 300w, https:\/\/i0.wp.com\/www.independentpeople.net\/wp-content\/uploads\/2017\/10\/Christmas-Markets-20.jpg?resize=400%2C267&amp;ssl=1 400w, https:\/\/i0.wp.com\/www.independentpeople.net\/wp-content\/uploads\/2017\/10\/Christmas-Markets-20.jpg?resize=600%2C400&amp;ssl=1 600w, https:\/\/i0.wp.com\/www.independentpeople.net\/wp-content\/uploads\/2017\/10\/Christmas-Markets-20.jpg?resize=768%2C512&amp;ssl=1 768w, https:\/\/i0.wp.com\/www.independentpeople.net\/wp-content\/uploads\/2017\/10\/Christmas-Markets-20.jpg?resize=800%2C534&amp;ssl=1 800w, https:\/\/i0.wp.com\/www.independentpeople.net\/wp-content\/uploads\/2017\/10\/Christmas-Markets-20.jpg?fit=1000%2C667&amp;ssl=1 1000w\" sizes=\"auto, (min-width: 2200px) 100vw, (min-width: 713px) 785px, (min-width: 640px) 713px, \" \/>\t\t\t<\/a>\n\t\t\t\t\t\t\t<\/div>\n<\/li>\n\t\t\t\n\t\t\t\n\t\t\t\t\t\t\t\t\t\t\t\n\t\t\t\t\t\n\t\t\t\t\t\t\t\t\t\t\t<li>\n\t\t\t\t\t\t\t<div class=\"fusion-image-wrapper\">\n\t\t\t\t\t\t\t\t<a href=\"https:\/\/www.independentpeople.net\/fr\/hiver\/pelerinage-aux-marches-de-noel-allemands\/\" aria-label=\"P\u00e8lerinage aux march\u00e9s de No\u00ebl Allemands\">\n\t\t\t\t\t\t\t\t\t<img data-recalc-dims=\"1\" decoding=\"async\" width=\"1000\" height=\"667\" src=\"https:\/\/i0.wp.com\/www.independentpeople.net\/wp-content\/uploads\/2017\/10\/Christmas-Markets-01.jpg?resize=1000%2C667&#038;ssl=1\" alt=\"\" class=\"wp-image-15202\" role=\"presentation\" srcset=\"https:\/\/i0.wp.com\/www.independentpeople.net\/wp-content\/uploads\/2017\/10\/Christmas-Markets-01.jpg?resize=200%2C133&amp;ssl=1 200w, https:\/\/i0.wp.com\/www.independentpeople.net\/wp-content\/uploads\/2017\/10\/Christmas-Markets-01.jpg?resize=300%2C200&amp;ssl=1 300w, https:\/\/i0.wp.com\/www.independentpeople.net\/wp-content\/uploads\/2017\/10\/Christmas-Markets-01.jpg?resize=400%2C267&amp;ssl=1 400w, https:\/\/i0.wp.com\/www.independentpeople.net\/wp-content\/uploads\/2017\/10\/Christmas-Markets-01.jpg?resize=600%2C400&amp;ssl=1 600w, https:\/\/i0.wp.com\/www.independentpeople.net\/wp-content\/uploads\/2017\/10\/Christmas-Markets-01.jpg?resize=768%2C512&amp;ssl=1 768w, https:\/\/i0.wp.com\/www.independentpeople.net\/wp-content\/uploads\/2017\/10\/Christmas-Markets-01.jpg?resize=800%2C534&amp;ssl=1 800w, https:\/\/i0.wp.com\/www.independentpeople.net\/wp-content\/uploads\/2017\/10\/Christmas-Markets-01.jpg?w=1000&amp;ssl=1 1000w\" sizes=\"(min-width: 2200px) 100vw, (min-width: 713px) 785px, (min-width: 640px) 713px, \" \/>\t\t\t\t\t\t\t\t<\/a>\n\t\t\t\t\t\t\t\t<a style=\"display:none;\" href=\"https:\/\/i0.wp.com\/www.independentpeople.net\/wp-content\/uploads\/2017\/10\/Christmas-Markets-01.jpg?fit=1000%2C667&#038;ssl=1\" data-rel=\"iLightbox[gallery15190]\"  title=\"\" data-title=\"Christmas Markets-01\" data-caption=\"\">\n\t\t\t\t\t\t\t\t\t\t\t\t\t\t\t\t\t<\/a>\n\t\t\t\t\t\t\t<\/div>\n\t\t\t\t\t\t<\/li>\n\t\t\t\t\t\t\t\t\t\t\t\t\t\t\t\t\t\t\t\t\t\t\t\t\t\t\t\t\t\t\t\t\t\t\t\t\t\t\t\t\t\t\t\t\t\t\t\t\t\t\t\t\t\t\t\t\t\t\t\t\t\t\t\t\t\t<\/ul>\n\t<\/div>\n\t<div class=\"fusion-post-content-wrapper\" style=\"padding:30px 25px 20px 25px;\"><div class=\"fusion-post-content post-content\"><h2 class=\"blog-shortcode-post-title entry-title\"><a href=\"https:\/\/www.independentpeople.net\/fr\/hiver\/pelerinage-aux-marches-de-noel-allemands\/\">P\u00e8lerinage aux march\u00e9s de No\u00ebl Allemands<\/a><\/h2><p class=\"fusion-single-line-meta\"><span class=\"vcard\" style=\"display: none;\"><span class=\"fn\"><a href=\"https:\/\/www.independentpeople.net\/fr\/author\/drakyla1604gmail-com\/\" title=\"Articles par independentpeople\" rel=\"author\">independentpeople<\/a><\/span><\/span><span class=\"updated\" style=\"display:none;\">2020-01-19T12:21:31+00:00<\/span><span>octobre 16th, 2017<\/span><span class=\"fusion-inline-sep\">|<\/span><\/p><div class=\"fusion-post-content-container\"><\/div><\/div><\/div><div class=\"fusion-clearfix\"><\/div><\/div>\n<\/article>\n<div class=\"fusion-clearfix\"><\/div><\/div><\/div><div class=\"fusion-clearfix\"><\/div><\/div><\/div><\/div><\/div>\n<p><a href=\"\/\/www.pinterest.com\/pin\/create\/button\/\" data-pin-do=\"buttonBookmark\" data-pin-color=\"red\" data-pin-height=\"128\"><img data-recalc-dims=\"1\" decoding=\"async\" loading=\"lazy\" src=\"https:\/\/i0.wp.com\/assets.pinterest.com\/images\/pidgets\/pinit_fg_en_rect_red_28.png?w=1500\" \/><\/a><\/p>","protected":false},"excerpt":{"rendered":"","protected":false},"author":1,"featured_media":0,"parent":16361,"menu_order":0,"comment_status":"closed","ping_status":"closed","template":"","meta":{"nf_dc_page":"","footnotes":""},"class_list":["post-16355","page","type-page","status-publish","hentry"],"aioseo_notices":[],"jetpack_sharing_enabled":true,"jetpack_shortlink":"https:\/\/wp.me\/P78Bh7-4fN","_links":{"self":[{"href":"https:\/\/www.independentpeople.net\/fr\/wp-json\/wp\/v2\/pages\/16355","targetHints":{"allow":["GET"]}}],"collection":[{"href":"https:\/\/www.independentpeople.net\/fr\/wp-json\/wp\/v2\/pages"}],"about":[{"href":"https:\/\/www.independentpeople.net\/fr\/wp-json\/wp\/v2\/types\/page"}],"author":[{"embeddable":true,"href":"https:\/\/www.independentpeople.net\/fr\/wp-json\/wp\/v2\/users\/1"}],"replies":[{"embeddable":true,"href":"https:\/\/www.independentpeople.net\/fr\/wp-json\/wp\/v2\/comments?post=16355"}],"version-history":[{"count":1,"href":"https:\/\/www.independentpeople.net\/fr\/wp-json\/wp\/v2\/pages\/16355\/revisions"}],"predecessor-version":[{"id":16356,"href":"https:\/\/www.independentpeople.net\/fr\/wp-json\/wp\/v2\/pages\/16355\/revisions\/16356"}],"up":[{"embeddable":true,"href":"https:\/\/www.independentpeople.net\/fr\/wp-json\/wp\/v2\/pages\/16361"}],"wp:attachment":[{"href":"https:\/\/www.independentpeople.net\/fr\/wp-json\/wp\/v2\/media?parent=16355"}],"curies":[{"name":"wp","href":"https:\/\/api.w.org\/{rel}","templated":true}]}}