{"id":25533,"date":"2021-10-04T08:15:04","date_gmt":"2021-10-04T08:15:04","guid":{"rendered":"https:\/\/www.independentpeople.net\/jordan\/"},"modified":"2023-09-25T09:30:53","modified_gmt":"2023-09-25T09:30:53","slug":"jordanie","status":"publish","type":"page","link":"https:\/\/www.independentpeople.net\/fr\/jordanie\/","title":{"rendered":"Jordanie"},"content":{"rendered":"<div class=\"fusion-fullwidth fullwidth-box fusion-builder-row-1 nonhundred-percent-fullwidth non-hundred-percent-height-scrolling\" style=\"--awb-border-radius-top-left:0px;--awb-border-radius-top-right:0px;--awb-border-radius-bottom-right:0px;--awb-border-radius-bottom-left:0px;--awb-flex-wrap:wrap;\" ><div class=\"fusion-builder-row fusion-row\"><div class=\"fusion-layout-column fusion_builder_column fusion-builder-column-0 fusion_builder_column_1_1 1_1 fusion-one-full fusion-column-first fusion-column-last\" style=\"--awb-bg-size:cover;\"><div class=\"fusion-column-wrapper fusion-column-has-shadow fusion-flex-column-wrapper-legacy\"><div class=\"fusion-blog-shortcode fusion-blog-shortcode-1 fusion-blog-archive fusion-blog-layout-grid-wrapper fusion-blog-no\"><style type=\"text\/css\">.fusion-blog-shortcode-1 .fusion-blog-layout-grid .fusion-post-grid{padding:20px;}.fusion-blog-shortcode-1 .fusion-posts-container{margin-left: -20px !important; margin-right:-20px !important;}<\/style><div class=\"fusion-posts-container fusion-posts-container-no fusion-blog-layout-grid fusion-blog-layout-grid-2 isotope\" data-pages=\"0\" data-grid-col-space=\"40\" style=\"margin: -20px -20px 0;min-height:500px;\"><article id=\"blog-1-post-32663\" class=\"fusion-post-grid post-32663 post type-post status-publish format-standard has-post-thumbnail hentry category-jordanie\">\n<div class=\"fusion-post-wrapper\" style=\"background-color:rgba(255,255,255,1);border:1px solid #e9edef;border-bottom-width:3px;\">\n\n\t\t\t<div class=\"fusion-flexslider flexslider fusion-flexslider-loading fusion-post-slideshow\" style=\"border-color:#e9edef;\">\n\t\t<ul class=\"slides\">\n\t\t\t\n\t\t\t\t\t\t\t\t\t\t\t\t\t\t<li><div  class=\"fusion-image-wrapper\" aria-haspopup=\"true\">\n\t\t\t\t\t\t\t<a href=\"https:\/\/www.independentpeople.net\/fr\/jordanie\/que-voir-en-jordanie-partie-nord-jerash-la-mer-morte-et-madaba\/\" aria-label=\"Que voir en Jordanie, partie nord : Jerash, la mer Morte et Madaba\">\n\t\t\t\t\t\t\t<img decoding=\"async\" loading=\"lazy\" src=\"https:\/\/i0.wp.com\/www.independentpeople.net\/wp-content\/uploads\/2026\/04\/Jordan-North-26.jpg?fit=%2C&ssl=1\" class=\"attachment-full size-full wp-post-image\" alt=\"\" \/>\t\t\t<\/a>\n\t\t\t\t\t\t\t<\/div>\n<\/li>\n\t\t\t\n\t\t\t\n\t\t\t\t\t\t\t\t\t\t\t\n\t\t\t\t\t\n\t\t\t\t\t\t\t\t\t\t\t<li>\n\t\t\t\t\t\t\t<div class=\"fusion-image-wrapper\">\n\t\t\t\t\t\t\t\t<a href=\"https:\/\/www.independentpeople.net\/fr\/jordanie\/que-voir-en-jordanie-partie-nord-jerash-la-mer-morte-et-madaba\/\" aria-label=\"Que voir en Jordanie, partie nord : Jerash, la mer Morte et Madaba\">\n\t\t\t\t\t\t\t\t\t<img data-recalc-dims=\"1\" decoding=\"async\" width=\"1500\" height=\"1000\" src=\"https:\/\/i0.wp.com\/www.independentpeople.net\/wp-content\/uploads\/2026\/04\/Jordan-North-11.jpg?resize=1500%2C1000&#038;ssl=1\" alt=\"\" class=\"wp-image-32486\" role=\"presentation\" srcset=\"https:\/\/i0.wp.com\/www.independentpeople.net\/wp-content\/uploads\/2026\/04\/Jordan-North-11.jpg?resize=200%2C133&amp;ssl=1 200w, https:\/\/i0.wp.com\/www.independentpeople.net\/wp-content\/uploads\/2026\/04\/Jordan-North-11.jpg?resize=300%2C200&amp;ssl=1 300w, https:\/\/i0.wp.com\/www.independentpeople.net\/wp-content\/uploads\/2026\/04\/Jordan-North-11.jpg?resize=400%2C267&amp;ssl=1 400w, https:\/\/i0.wp.com\/www.independentpeople.net\/wp-content\/uploads\/2026\/04\/Jordan-North-11.jpg?resize=600%2C400&amp;ssl=1 600w, https:\/\/i0.wp.com\/www.independentpeople.net\/wp-content\/uploads\/2026\/04\/Jordan-North-11.jpg?resize=640%2C427&amp;ssl=1 640w, https:\/\/i0.wp.com\/www.independentpeople.net\/wp-content\/uploads\/2026\/04\/Jordan-North-11.jpg?resize=768%2C512&amp;ssl=1 768w, https:\/\/i0.wp.com\/www.independentpeople.net\/wp-content\/uploads\/2026\/04\/Jordan-North-11.jpg?resize=800%2C533&amp;ssl=1 800w, https:\/\/i0.wp.com\/www.independentpeople.net\/wp-content\/uploads\/2026\/04\/Jordan-North-11.jpg?resize=1200%2C800&amp;ssl=1 1200w, https:\/\/i0.wp.com\/www.independentpeople.net\/wp-content\/uploads\/2026\/04\/Jordan-North-11.jpg?resize=1500%2C1000&amp;ssl=1 1500w, https:\/\/i0.wp.com\/www.independentpeople.net\/wp-content\/uploads\/2026\/04\/Jordan-North-11.jpg?resize=1536%2C1024&amp;ssl=1 1536w, https:\/\/i0.wp.com\/www.independentpeople.net\/wp-content\/uploads\/2026\/04\/Jordan-North-11.jpg?w=2000&amp;ssl=1 2000w\" sizes=\"(min-width: 2200px) 100vw, (min-width: 713px) 785px, (min-width: 640px) 713px, \" \/>\t\t\t\t\t\t\t\t<\/a>\n\t\t\t\t\t\t\t\t<a style=\"display:none;\" href=\"https:\/\/i0.wp.com\/www.independentpeople.net\/wp-content\/uploads\/2026\/04\/Jordan-North-11.jpg?fit=2000%2C1333&#038;ssl=1\" data-rel=\"iLightbox[gallery32663]\"  title=\"\" data-title=\"Jordan North-11\" data-caption=\"\">\n\t\t\t\t\t\t\t\t\t\t\t\t\t\t\t\t\t<\/a>\n\t\t\t\t\t\t\t<\/div>\n\t\t\t\t\t\t<\/li>\n\t\t\t\t\t\t\t\t\t\t\t\t\t\t\t\t\t\t\t\t\t\t\t\t\t\t\t\t\t\t\t\t\t\t\t\t\t\t\t\t\t\t\t\t\t\t\t\t\t\t\t\t\t\t\t\t\t\t\t\t\t\t\t\t\t\t<\/ul>\n\t<\/div>\n\t<div class=\"fusion-post-content-wrapper\" style=\"padding:30px 25px 20px 25px;\"><div class=\"fusion-post-content post-content\"><h2 class=\"blog-shortcode-post-title entry-title\"><a href=\"https:\/\/www.independentpeople.net\/fr\/jordanie\/que-voir-en-jordanie-partie-nord-jerash-la-mer-morte-et-madaba\/\">Que voir en Jordanie, partie nord : Jerash, la mer Morte et Madaba<\/a><\/h2><p class=\"fusion-single-line-meta\"><span class=\"vcard\" style=\"display: none;\"><span class=\"fn\"><a href=\"https:\/\/www.independentpeople.net\/fr\/author\/drakyla1604gmail-com\/\" title=\"Articles par independentpeople\" rel=\"author\">independentpeople<\/a><\/span><\/span><span class=\"updated\" style=\"display:none;\">2026-05-07T13:19:45+00:00<\/span><span>avril 21st, 2026<\/span><span class=\"fusion-inline-sep\">|<\/span><\/p><\/div><\/div><div class=\"fusion-clearfix\"><\/div><\/div>\n<\/article>\n<article id=\"blog-1-post-31876\" class=\"fusion-post-grid post-31876 post type-post status-publish format-standard has-post-thumbnail hentry category-jordanie\">\n<div class=\"fusion-post-wrapper\" style=\"background-color:rgba(255,255,255,1);border:1px solid #e9edef;border-bottom-width:3px;\">\n\n\t\t\t<div class=\"fusion-flexslider flexslider fusion-flexslider-loading fusion-post-slideshow\" style=\"border-color:#e9edef;\">\n\t\t<ul class=\"slides\">\n\t\t\t\n\t\t\t\t\t\t\t\t\t\t\t\t\t\t<li><div  class=\"fusion-image-wrapper\" aria-haspopup=\"true\">\n\t\t\t\t\t\t\t<a href=\"https:\/\/www.independentpeople.net\/fr\/jordanie\/jordanie-a-velo-tout-ce-quil-faut-savoir\/\" aria-label=\"Jordanie \u00e0 v\u00e9lo : tout ce qu\u02bcil faut savoir\">\n\t\t\t\t\t\t\t<img data-recalc-dims=\"1\" decoding=\"async\" loading=\"lazy\" width=\"1500\" height=\"1000\" src=\"https:\/\/i0.wp.com\/www.independentpeople.net\/wp-content\/uploads\/2026\/01\/jordan-by-bicycle-20.jpg?resize=1500%2C1000&#038;ssl=1\" class=\"attachment-full size-full wp-post-image\" alt=\"\" srcset=\"https:\/\/i0.wp.com\/www.independentpeople.net\/wp-content\/uploads\/2026\/01\/jordan-by-bicycle-20.jpg?resize=200%2C133&amp;ssl=1 200w, https:\/\/i0.wp.com\/www.independentpeople.net\/wp-content\/uploads\/2026\/01\/jordan-by-bicycle-20.jpg?resize=300%2C200&amp;ssl=1 300w, https:\/\/i0.wp.com\/www.independentpeople.net\/wp-content\/uploads\/2026\/01\/jordan-by-bicycle-20.jpg?resize=400%2C267&amp;ssl=1 400w, https:\/\/i0.wp.com\/www.independentpeople.net\/wp-content\/uploads\/2026\/01\/jordan-by-bicycle-20.jpg?resize=600%2C400&amp;ssl=1 600w, https:\/\/i0.wp.com\/www.independentpeople.net\/wp-content\/uploads\/2026\/01\/jordan-by-bicycle-20.jpg?resize=640%2C427&amp;ssl=1 640w, https:\/\/i0.wp.com\/www.independentpeople.net\/wp-content\/uploads\/2026\/01\/jordan-by-bicycle-20.jpg?resize=768%2C512&amp;ssl=1 768w, https:\/\/i0.wp.com\/www.independentpeople.net\/wp-content\/uploads\/2026\/01\/jordan-by-bicycle-20.jpg?resize=800%2C533&amp;ssl=1 800w, https:\/\/i0.wp.com\/www.independentpeople.net\/wp-content\/uploads\/2026\/01\/jordan-by-bicycle-20.jpg?resize=1200%2C800&amp;ssl=1 1200w, https:\/\/i0.wp.com\/www.independentpeople.net\/wp-content\/uploads\/2026\/01\/jordan-by-bicycle-20.jpg?resize=1500%2C1000&amp;ssl=1 1500w, https:\/\/i0.wp.com\/www.independentpeople.net\/wp-content\/uploads\/2026\/01\/jordan-by-bicycle-20.jpg?resize=1536%2C1024&amp;ssl=1 1536w, https:\/\/i0.wp.com\/www.independentpeople.net\/wp-content\/uploads\/2026\/01\/jordan-by-bicycle-20.jpg?fit=2000%2C1333&amp;ssl=1 2000w\" sizes=\"auto, (min-width: 2200px) 100vw, (min-width: 713px) 785px, (min-width: 640px) 713px, \" \/>\t\t\t<\/a>\n\t\t\t\t\t\t\t<\/div>\n<\/li>\n\t\t\t\n\t\t\t\n\t\t\t\t\t\t\t\t\t\t\t\n\t\t\t\t\t\n\t\t\t\t\t\t\t\t\t\t\t<li>\n\t\t\t\t\t\t\t<div class=\"fusion-image-wrapper\">\n\t\t\t\t\t\t\t\t<a href=\"https:\/\/www.independentpeople.net\/fr\/jordanie\/jordanie-a-velo-tout-ce-quil-faut-savoir\/\" aria-label=\"Jordanie \u00e0 v\u00e9lo : tout ce qu\u02bcil faut savoir\">\n\t\t\t\t\t\t\t\t\t<img data-recalc-dims=\"1\" decoding=\"async\" width=\"1500\" height=\"1000\" src=\"https:\/\/i0.wp.com\/www.independentpeople.net\/wp-content\/uploads\/2026\/01\/jordan-by-bicycle-23.jpg?resize=1500%2C1000&#038;ssl=1\" alt=\"\" class=\"wp-image-31704\" role=\"presentation\" srcset=\"https:\/\/i0.wp.com\/www.independentpeople.net\/wp-content\/uploads\/2026\/01\/jordan-by-bicycle-23.jpg?resize=200%2C133&amp;ssl=1 200w, https:\/\/i0.wp.com\/www.independentpeople.net\/wp-content\/uploads\/2026\/01\/jordan-by-bicycle-23.jpg?resize=300%2C200&amp;ssl=1 300w, https:\/\/i0.wp.com\/www.independentpeople.net\/wp-content\/uploads\/2026\/01\/jordan-by-bicycle-23.jpg?resize=400%2C267&amp;ssl=1 400w, https:\/\/i0.wp.com\/www.independentpeople.net\/wp-content\/uploads\/2026\/01\/jordan-by-bicycle-23.jpg?resize=600%2C400&amp;ssl=1 600w, https:\/\/i0.wp.com\/www.independentpeople.net\/wp-content\/uploads\/2026\/01\/jordan-by-bicycle-23.jpg?resize=640%2C427&amp;ssl=1 640w, https:\/\/i0.wp.com\/www.independentpeople.net\/wp-content\/uploads\/2026\/01\/jordan-by-bicycle-23.jpg?resize=768%2C512&amp;ssl=1 768w, https:\/\/i0.wp.com\/www.independentpeople.net\/wp-content\/uploads\/2026\/01\/jordan-by-bicycle-23.jpg?resize=800%2C533&amp;ssl=1 800w, https:\/\/i0.wp.com\/www.independentpeople.net\/wp-content\/uploads\/2026\/01\/jordan-by-bicycle-23.jpg?resize=1200%2C800&amp;ssl=1 1200w, https:\/\/i0.wp.com\/www.independentpeople.net\/wp-content\/uploads\/2026\/01\/jordan-by-bicycle-23.jpg?resize=1500%2C1000&amp;ssl=1 1500w, https:\/\/i0.wp.com\/www.independentpeople.net\/wp-content\/uploads\/2026\/01\/jordan-by-bicycle-23.jpg?resize=1536%2C1024&amp;ssl=1 1536w, https:\/\/i0.wp.com\/www.independentpeople.net\/wp-content\/uploads\/2026\/01\/jordan-by-bicycle-23.jpg?w=2000&amp;ssl=1 2000w\" sizes=\"(min-width: 2200px) 100vw, (min-width: 713px) 785px, (min-width: 640px) 713px, \" \/>\t\t\t\t\t\t\t\t<\/a>\n\t\t\t\t\t\t\t\t<a style=\"display:none;\" href=\"https:\/\/i0.wp.com\/www.independentpeople.net\/wp-content\/uploads\/2026\/01\/jordan-by-bicycle-23.jpg?fit=2000%2C1333&#038;ssl=1\" data-rel=\"iLightbox[gallery31876]\"  title=\"\" data-title=\"jordan by bicycle-23\" data-caption=\"\">\n\t\t\t\t\t\t\t\t\t\t\t\t\t\t\t\t\t<\/a>\n\t\t\t\t\t\t\t<\/div>\n\t\t\t\t\t\t<\/li>\n\t\t\t\t\t\t\t\t\t\t\t\t\t\t\t\t\t\t\t\t\t\t\t\t\t\t\t\t\t\t\t\t\t\t\t\t\t\t\t\t\t\t\t\t\t\t\t\t\t\t\t\t\t\t\t\t\t\t\t\t\t\t\t\t\t\t<\/ul>\n\t<\/div>\n\t<div class=\"fusion-post-content-wrapper\" style=\"padding:30px 25px 20px 25px;\"><div class=\"fusion-post-content post-content\"><h2 class=\"blog-shortcode-post-title entry-title\"><a href=\"https:\/\/www.independentpeople.net\/fr\/jordanie\/jordanie-a-velo-tout-ce-quil-faut-savoir\/\">Jordanie \u00e0 v\u00e9lo : tout ce qu\u02bcil faut savoir<\/a><\/h2><p class=\"fusion-single-line-meta\"><span class=\"vcard\" style=\"display: none;\"><span class=\"fn\"><a href=\"https:\/\/www.independentpeople.net\/fr\/author\/drakyla1604gmail-com\/\" title=\"Articles par independentpeople\" rel=\"author\">independentpeople<\/a><\/span><\/span><span class=\"updated\" style=\"display:none;\">2026-01-30T15:02:58+00:00<\/span><span>janvier 14th, 2026<\/span><span class=\"fusion-inline-sep\">|<\/span><\/p><\/div><\/div><div class=\"fusion-clearfix\"><\/div><\/div>\n<\/article>\n<article id=\"blog-1-post-25529\" class=\"fusion-post-grid post-25529 post type-post status-publish format-standard has-post-thumbnail hentry category-jordanie\">\n<div class=\"fusion-post-wrapper\" style=\"background-color:rgba(255,255,255,1);border:1px solid #e9edef;border-bottom-width:3px;\">\n\n\t\t\t<div class=\"fusion-flexslider flexslider fusion-flexslider-loading fusion-post-slideshow\" style=\"border-color:#e9edef;\">\n\t\t<ul class=\"slides\">\n\t\t\t\n\t\t\t\t\t\t\t\t\t\t\t\t\t\t<li><div  class=\"fusion-image-wrapper\" aria-haspopup=\"true\">\n\t\t\t\t\t\t\t<a href=\"https:\/\/www.independentpeople.net\/fr\/jordanie\/amman-covid-19-pandemie\/\" aria-label=\"Amman dans les jours o\u00f9 la pand\u00e9mie est arriv\u00e9e\">\n\t\t\t\t\t\t\t<img data-recalc-dims=\"1\" decoding=\"async\" loading=\"lazy\" width=\"1500\" height=\"1000\" src=\"https:\/\/i0.wp.com\/www.independentpeople.net\/wp-content\/uploads\/2021\/10\/amman-33.jpg?resize=1500%2C1000&#038;ssl=1\" class=\"attachment-full size-full wp-post-image\" alt=\"\" srcset=\"https:\/\/i0.wp.com\/www.independentpeople.net\/wp-content\/uploads\/2021\/10\/amman-33.jpg?resize=200%2C133&amp;ssl=1 200w, https:\/\/i0.wp.com\/www.independentpeople.net\/wp-content\/uploads\/2021\/10\/amman-33.jpg?resize=300%2C200&amp;ssl=1 300w, https:\/\/i0.wp.com\/www.independentpeople.net\/wp-content\/uploads\/2021\/10\/amman-33.jpg?resize=400%2C267&amp;ssl=1 400w, https:\/\/i0.wp.com\/www.independentpeople.net\/wp-content\/uploads\/2021\/10\/amman-33.jpg?resize=600%2C400&amp;ssl=1 600w, https:\/\/i0.wp.com\/www.independentpeople.net\/wp-content\/uploads\/2021\/10\/amman-33.jpg?resize=640%2C427&amp;ssl=1 640w, https:\/\/i0.wp.com\/www.independentpeople.net\/wp-content\/uploads\/2021\/10\/amman-33.jpg?resize=768%2C512&amp;ssl=1 768w, https:\/\/i0.wp.com\/www.independentpeople.net\/wp-content\/uploads\/2021\/10\/amman-33.jpg?resize=800%2C533&amp;ssl=1 800w, https:\/\/i0.wp.com\/www.independentpeople.net\/wp-content\/uploads\/2021\/10\/amman-33.jpg?resize=1200%2C800&amp;ssl=1 1200w, https:\/\/i0.wp.com\/www.independentpeople.net\/wp-content\/uploads\/2021\/10\/amman-33.jpg?fit=1500%2C1000&amp;ssl=1 1500w\" sizes=\"auto, (min-width: 2200px) 100vw, (min-width: 713px) 785px, (min-width: 640px) 713px, \" \/>\t\t\t<\/a>\n\t\t\t\t\t\t\t<\/div>\n<\/li>\n\t\t\t\n\t\t\t\n\t\t\t\t\t\t\t\t\t\t\t\n\t\t\t\t\t\n\t\t\t\t\t\t\t\t\t\t\t<li>\n\t\t\t\t\t\t\t<div class=\"fusion-image-wrapper\">\n\t\t\t\t\t\t\t\t<a href=\"https:\/\/www.independentpeople.net\/fr\/jordanie\/amman-covid-19-pandemie\/\" aria-label=\"Amman dans les jours o\u00f9 la pand\u00e9mie est arriv\u00e9e\">\n\t\t\t\t\t\t\t\t\t<img data-recalc-dims=\"1\" decoding=\"async\" width=\"1500\" height=\"1000\" src=\"https:\/\/i0.wp.com\/www.independentpeople.net\/wp-content\/uploads\/2021\/10\/amman-8.jpg?resize=1500%2C1000&#038;ssl=1\" alt=\"\" class=\"wp-image-18570\" role=\"presentation\" srcset=\"https:\/\/i0.wp.com\/www.independentpeople.net\/wp-content\/uploads\/2021\/10\/amman-8.jpg?resize=200%2C133&amp;ssl=1 200w, https:\/\/i0.wp.com\/www.independentpeople.net\/wp-content\/uploads\/2021\/10\/amman-8.jpg?resize=300%2C200&amp;ssl=1 300w, https:\/\/i0.wp.com\/www.independentpeople.net\/wp-content\/uploads\/2021\/10\/amman-8.jpg?resize=400%2C267&amp;ssl=1 400w, https:\/\/i0.wp.com\/www.independentpeople.net\/wp-content\/uploads\/2021\/10\/amman-8.jpg?resize=600%2C400&amp;ssl=1 600w, https:\/\/i0.wp.com\/www.independentpeople.net\/wp-content\/uploads\/2021\/10\/amman-8.jpg?resize=640%2C427&amp;ssl=1 640w, https:\/\/i0.wp.com\/www.independentpeople.net\/wp-content\/uploads\/2021\/10\/amman-8.jpg?resize=768%2C512&amp;ssl=1 768w, https:\/\/i0.wp.com\/www.independentpeople.net\/wp-content\/uploads\/2021\/10\/amman-8.jpg?resize=800%2C533&amp;ssl=1 800w, https:\/\/i0.wp.com\/www.independentpeople.net\/wp-content\/uploads\/2021\/10\/amman-8.jpg?resize=1200%2C800&amp;ssl=1 1200w, https:\/\/i0.wp.com\/www.independentpeople.net\/wp-content\/uploads\/2021\/10\/amman-8.jpg?w=1500&amp;ssl=1 1500w\" sizes=\"(min-width: 2200px) 100vw, (min-width: 713px) 785px, (min-width: 640px) 713px, \" \/>\t\t\t\t\t\t\t\t<\/a>\n\t\t\t\t\t\t\t\t<a style=\"display:none;\" href=\"https:\/\/i0.wp.com\/www.independentpeople.net\/wp-content\/uploads\/2021\/10\/amman-8.jpg?fit=1500%2C1000&#038;ssl=1\" data-rel=\"iLightbox[gallery25529]\"  title=\"\" data-title=\"amman-8\" data-caption=\"\">\n\t\t\t\t\t\t\t\t\t\t\t\t\t\t\t\t\t<\/a>\n\t\t\t\t\t\t\t<\/div>\n\t\t\t\t\t\t<\/li>\n\t\t\t\t\t\t\t\t\t\t\t\t\t\t\t\t\t\t\t\t\t\t\t\t\t\t\t\t\t\t\t\t\t\t\t\t\t\t\t\t\t\t\t\t\t\t\t\t\t\t\t\t\t\t\t\t\t\t\t\t\t\t\t\t\t\t<\/ul>\n\t<\/div>\n\t<div class=\"fusion-post-content-wrapper\" style=\"padding:30px 25px 20px 25px;\"><div class=\"fusion-post-content post-content\"><h2 class=\"blog-shortcode-post-title entry-title\"><a href=\"https:\/\/www.independentpeople.net\/fr\/jordanie\/amman-covid-19-pandemie\/\">Amman dans les jours o\u00f9 la pand\u00e9mie est arriv\u00e9e<\/a><\/h2><p class=\"fusion-single-line-meta\"><span class=\"vcard\" style=\"display: none;\"><span class=\"fn\"><a href=\"https:\/\/www.independentpeople.net\/fr\/author\/drakyla1604gmail-com\/\" title=\"Articles par independentpeople\" rel=\"author\">independentpeople<\/a><\/span><\/span><span class=\"updated\" style=\"display:none;\">2023-09-26T14:45:35+00:00<\/span><span>octobre 5th, 2021<\/span><span class=\"fusion-inline-sep\">|<\/span><\/p><\/div><\/div><div class=\"fusion-clearfix\"><\/div><\/div>\n<\/article>\n<div class=\"fusion-clearfix\"><\/div><\/div><\/div><div class=\"fusion-clearfix\"><\/div><\/div><\/div><\/div><\/div>\n<p><a href=\"\/\/www.pinterest.com\/pin\/create\/button\/\" data-pin-do=\"buttonBookmark\" data-pin-color=\"red\" data-pin-height=\"128\"><img data-recalc-dims=\"1\" decoding=\"async\" loading=\"lazy\" src=\"https:\/\/i0.wp.com\/assets.pinterest.com\/images\/pidgets\/pinit_fg_en_rect_red_28.png?w=1500\" \/><\/a><\/p>","protected":false},"excerpt":{"rendered":"","protected":false},"author":1,"featured_media":0,"parent":0,"menu_order":0,"comment_status":"closed","ping_status":"closed","template":"","meta":{"nf_dc_page":"","footnotes":""},"class_list":["post-25533","page","type-page","status-publish","hentry"],"aioseo_notices":[],"jetpack_sharing_enabled":true,"jetpack_shortlink":"https:\/\/wp.me\/P78Bh7-6DP","_links":{"self":[{"href":"https:\/\/www.independentpeople.net\/fr\/wp-json\/wp\/v2\/pages\/25533","targetHints":{"allow":["GET"]}}],"collection":[{"href":"https:\/\/www.independentpeople.net\/fr\/wp-json\/wp\/v2\/pages"}],"about":[{"href":"https:\/\/www.independentpeople.net\/fr\/wp-json\/wp\/v2\/types\/page"}],"author":[{"embeddable":true,"href":"https:\/\/www.independentpeople.net\/fr\/wp-json\/wp\/v2\/users\/1"}],"replies":[{"embeddable":true,"href":"https:\/\/www.independentpeople.net\/fr\/wp-json\/wp\/v2\/comments?post=25533"}],"version-history":[{"count":2,"href":"https:\/\/www.independentpeople.net\/fr\/wp-json\/wp\/v2\/pages\/25533\/revisions"}],"predecessor-version":[{"id":25535,"href":"https:\/\/www.independentpeople.net\/fr\/wp-json\/wp\/v2\/pages\/25533\/revisions\/25535"}],"wp:attachment":[{"href":"https:\/\/www.independentpeople.net\/fr\/wp-json\/wp\/v2\/media?parent=25533"}],"curies":[{"name":"wp","href":"https:\/\/api.w.org\/{rel}","templated":true}]}}